{"id":50359,"date":"2018-04-11T10:34:23","date_gmt":"2018-04-11T08:34:23","guid":{"rendered":"https:\/\/boycehypnosis.com\/introduccion-hipnosis\/"},"modified":"2020-08-04T11:18:15","modified_gmt":"2020-08-04T09:18:15","slug":"introduccion-hipnosis","status":"publish","type":"page","link":"https:\/\/boycehypnosis.com\/en\/introduccion-hipnosis\/","title":{"rendered":"Introducci\u00f3n Hipnosis"},"content":{"rendered":"\n[et_pb_section fb_built=&#8221;1&#8243; admin_label=&#8221;Header&#8221; _builder_version=&#8221;3.22&#8243; custom_padding=&#8221;||13px|||&#8221;][et_pb_row column_structure=&#8221;1_2,1_2&#8243; _builder_version=&#8221;4.0.9&#8243; background_size=&#8221;contain&#8221; animation_style=&#8221;zoom&#8221; animation_intensity_zoom=&#8221;10%&#8221;][et_pb_column type=&#8221;1_2&#8243; _builder_version=&#8221;4.0.9&#8243; custom_padding=&#8221;||||false|false&#8221; custom_padding_tablet=&#8221;0px|||&#8221; custom_padding_phone=&#8221;&#8221; custom_padding_last_edited=&#8221;on|tablet&#8221; custom_padding__hover=&#8221;|||&#8221;][et_pb_text _builder_version=&#8221;4.0.9&#8243; text_font=&#8221;||||||||&#8221; ul_font=&#8221;||||||||&#8221; ol_font=&#8221;||||||||&#8221; header_font=&#8221;Montserrat|500||on|||||&#8221; header_font_size=&#8221;18px&#8221; header_letter_spacing=&#8221;5px&#8221; header_line_height=&#8221;1.5em&#8221; header_2_font=&#8221;Merriweather|700|||||||&#8221; header_2_font_size=&#8221;60px&#8221; header_2_line_height=&#8221;1.4em&#8221; header_3_font=&#8221;||||||||&#8221; header_4_font=&#8221;||||||||&#8221; header_5_font=&#8221;||||||||&#8221; header_6_font=&#8221;||||||||&#8221; header_font_size_tablet=&#8221;&#8221; header_font_size_phone=&#8221;12px&#8221; header_font_size_last_edited=&#8221;on|desktop&#8221; header_2_font_size_tablet=&#8221;50px&#8221; header_2_font_size_phone=&#8221;30px&#8221; header_2_font_size_last_edited=&#8221;on|desktop&#8221;]<h2>\u00bfQu\u00e9 es la hipnosis?<\/h2>\n<h1>Nuestra propia definici\u00f3n<\/h1>\n<p><strong>Roxanna Erickson Klein Phd<\/strong>, hija de Milton H. Erickson (padre de la hipnosis moderna), en uno de los cursos a los que tuve la suerte de asistir para formarme directamente con ella, inst\u00f3 a todos los presentes a que tuviesen <strong>su propia definici\u00f3n de hipnosis<\/strong>, la cual muy probablemente cambiar\u00eda con el paso del tiempo.<\/p>\n<p>Efectivamente, as\u00ed ha sido, ya que mi definici\u00f3n de hipnosis desde aquel d\u00eda ha cambiado y la que a d\u00eda de hoy utilizo es la siguiente:<\/p>[\/et_pb_text][\/et_pb_column][et_pb_column type=&#8221;1_2&#8243; _builder_version=&#8221;3.25&#8243; custom_padding=&#8221;|||&#8221; custom_padding__hover=&#8221;|||&#8221;][et_pb_image src=&#8221;http:\/\/boycehypnosis.com\/wp-content\/uploads\/2020\/01\/JULIO-BOYCE-5-WEB.jpg&#8221; align_tablet=&#8221;center&#8221; align_phone=&#8221;&#8221; align_last_edited=&#8221;on|desktop&#8221; _builder_version=&#8221;4.0.9&#8243; custom_padding=&#8221;35px|||||&#8221; hover_enabled=&#8221;0&#8243; border_radii=&#8221;on|200px|200px|200px|200px&#8221; box_shadow_style=&#8221;preset3&#8243;][\/et_pb_image][\/et_pb_column][\/et_pb_row][\/et_pb_section][et_pb_section fb_built=&#8221;1&#8243; admin_label=&#8221;Coaching&#8221; _builder_version=&#8221;3.22&#8243; custom_margin=&#8221;1px|||||&#8221; custom_padding=&#8221;18px||25px|||&#8221;][et_pb_row column_structure=&#8221;3_5,2_5&#8243; _builder_version=&#8221;4.0.9&#8243; custom_padding=&#8221;12px|||||&#8221;][et_pb_column type=&#8221;3_5&#8243; _builder_version=&#8221;4.0.9&#8243; custom_padding=&#8221;32px||||false|false&#8221; custom_padding__hover=&#8221;|||&#8221;][et_pb_text _builder_version=&#8221;4.0.9&#8243; text_font=&#8221;||||||||&#8221; text_line_height=&#8221;2em&#8221; header_font=&#8221;||||||||&#8221; header_3_font=&#8221;Merriweather|700|||||||&#8221; header_3_font_size=&#8221;26px&#8221; header_3_line_height=&#8221;1.6em&#8221; header_3_font_size_tablet=&#8221;&#8221; header_3_font_size_phone=&#8221;20px&#8221; header_3_font_size_last_edited=&#8221;on|phone&#8221; locked=&#8221;off&#8221;]<h3>La hipnosis seg\u00fan Julio Juanes<\/h3>\n<p><em>Estado mental que se produce de forma natural o que puede ser inducido por uno mismo o por otra persona. En dicho estado nuestro juicio cr\u00edtico se pone en suspenso y nuestra atenci\u00f3n est\u00e1 totalmente focalizada consiguiendo un acceso total a nuestra mente inconsciente, donde guardamos todos nuestros recursos, aprendizajes y experiencias. Dicho estado se caracteriza por una elevada sugestionabilidad, un aumento de la relajaci\u00f3n, de la imaginaci\u00f3n y por una comunicaci\u00f3n plena e intensa con el gu\u00eda de dicha hipnosis, con nosotros mismos y con el entorno.<\/em><\/p>\n<p><em>En el caso de una hipnosis guiada por alguien, es la conexi\u00f3n m\u00e1s intensa a nivel mental que pueden experimentar dos personas.<\/em><\/p>[\/et_pb_text][\/et_pb_column][et_pb_column type=&#8221;2_5&#8243; _builder_version=&#8221;4.0.9&#8243; custom_padding=&#8221;|||&#8221; custom_padding__hover=&#8221;|||&#8221;][et_pb_image src=&#8221;http:\/\/boycehypnosis.com\/wp-content\/uploads\/2020\/01\/cerebro-boyce-hypnosis.png&#8221; align_tablet=&#8221;center&#8221; align_phone=&#8221;&#8221; align_last_edited=&#8221;on|desktop&#8221; _builder_version=&#8221;4.0.9&#8243; width=&#8221;92%&#8221;][\/et_pb_image][\/et_pb_column][\/et_pb_row][et_pb_row column_structure=&#8221;1_3,1_3,1_3&#8243; _builder_version=&#8221;3.25&#8243; locked=&#8221;off&#8221;][et_pb_column type=&#8221;1_3&#8243; _builder_version=&#8221;3.25&#8243; custom_padding=&#8221;|||&#8221; custom_padding__hover=&#8221;|||&#8221;][et_pb_blurb title=&#8221;Una herramienta de cambio&#8221; use_icon=&#8221;on&#8221; font_icon=&#8221;%%121%%&#8221; icon_color=&#8221;#ffffff&#8221; use_circle=&#8221;on&#8221; use_icon_font_size=&#8221;on&#8221; icon_font_size=&#8221;36px&#8221; image_max_width_tablet=&#8221;60px&#8221; image_max_width_phone=&#8221;&#8221; image_max_width_last_edited=&#8221;on|tablet&#8221; _builder_version=&#8221;4.0.9&#8243; header_font=&#8221;Merriweather|700|||||||&#8221; header_line_height=&#8221;1.8em&#8221; body_line_height=&#8221;2em&#8221; background_color=&#8221;#ffffff&#8221; text_orientation=&#8221;center&#8221; custom_padding=&#8221;30px|30px|30px|30px|true|true&#8221; animation_style=&#8221;zoom&#8221; animation_intensity_zoom=&#8221;10%&#8221; border_radii=&#8221;on|10px|10px|10px|10px&#8221; box_shadow_style=&#8221;preset1&#8243; box_shadow_vertical=&#8221;10px&#8221; box_shadow_blur=&#8221;60px&#8221; box_shadow_color=&#8221;rgba(1,33,92,0.1)&#8221;]<p>La hipnosis es la herramienta de cambio <strong>m\u00e1s potente que existe<\/strong>. Su eficacia ha sido probada en multitud de estudios cient\u00edficos y actualmente su uso se extiende desde tratamientos de adicciones (tabaco, drogas, alcohol), tratamiento de fobias, control del dolor hasta psicoterapia.<\/p>[\/et_pb_blurb][\/et_pb_column][et_pb_column type=&#8221;1_3&#8243; _builder_version=&#8221;3.25&#8243; custom_padding=&#8221;40px|||&#8221; custom_padding_tablet=&#8221;0px|||&#8221; custom_padding_phone=&#8221;&#8221; custom_padding_last_edited=&#8221;on|tablet&#8221; custom_padding__hover=&#8221;|||&#8221;][et_pb_blurb title=&#8221;Trabaja la mente inconsciente&#8221; use_icon=&#8221;on&#8221; font_icon=&#8221;%%166%%&#8221; icon_color=&#8221;#ffffff&#8221; use_circle=&#8221;on&#8221; circle_color=&#8221;#769fc1&#8243; use_icon_font_size=&#8221;on&#8221; icon_font_size=&#8221;37px&#8221; image_max_width_tablet=&#8221;60px&#8221; image_max_width_phone=&#8221;&#8221; image_max_width_last_edited=&#8221;on|tablet&#8221; _builder_version=&#8221;4.0.9&#8243; header_font=&#8221;Merriweather|700|||||||&#8221; header_line_height=&#8221;1.8em&#8221; body_line_height=&#8221;2em&#8221; background_color=&#8221;#ffffff&#8221; text_orientation=&#8221;center&#8221; custom_padding=&#8221;30px|30px|30px|30px|true|true&#8221; animation_style=&#8221;zoom&#8221; animation_intensity_zoom=&#8221;10%&#8221; border_radii=&#8221;on|10px|10px|10px|10px&#8221; box_shadow_style=&#8221;preset1&#8243; box_shadow_vertical=&#8221;10px&#8221; box_shadow_blur=&#8221;60px&#8221; box_shadow_color=&#8221;rgba(1,33,92,0.1)&#8221;]<p>La hipnosis es un estado que consigue que al estar trabajando con la mente inconsciente produzcamos <strong>cambios permanentes sin resistencia<\/strong>, salvando la barrera consciente que razona el porqu\u00e9 no debemos cambiar y adentr\u00e1ndonos en la parte inconsciente que es la que aprende, evoluciona, cambia y que nos protege.<\/p>[\/et_pb_blurb][\/et_pb_column][et_pb_column type=&#8221;1_3&#8243; _builder_version=&#8221;3.25&#8243; custom_padding=&#8221;|||&#8221; custom_padding__hover=&#8221;|||&#8221;][\/et_pb_column][\/et_pb_row][\/et_pb_section]\n","protected":false},"excerpt":{"rendered":"<p>\u00bfQu\u00e9 es la hipnosis? Nuestra propia definici\u00f3n Roxanna Erickson Klein Phd, hija de Milton H. Erickson (padre de la hipnosis moderna), en uno de los cursos a los que tuve la suerte de asistir para formarme directamente con ella, inst\u00f3 a todos los presentes a que tuviesen su propia definici\u00f3n de hipnosis, la cual muy [&hellip;]<\/p>\n","protected":false},"author":2,"featured_media":50595,"parent":0,"menu_order":0,"comment_status":"closed","ping_status":"closed","template":"","meta":{"_et_pb_use_builder":"on","_et_pb_old_content":"<div id=\"tltPGETitulo\" class=\"mddfTLT\">\n\n<em><strong>\u00bfQU\u00c9 ES LA HIPNOSIS?<\/strong><\/em>\n\n<\/div>\nRoxanna Erickson Klein Phd, hija de Milton H. Erickson (padre de la hipnosis moderna), en uno de los cursos a los que tuve la suerte de asistir para formarme directamente con ella, inst\u00f3 a todos los presentes a que tuviesen su propia definici\u00f3n de hipnosis, la cual muy probablemente cambiar\u00eda con el paso del tiempo. Efectivamente, as\u00ed ha sido, ya que mi definici\u00f3n de hipnosis desde aquel d\u00eda ha cambiado y la que a d\u00eda de hoy utilizo es la siguiente:\n\n&nbsp;\n\n<strong><em><u>Hipnosis<\/u><\/em><\/strong>:\u00a0\u00a0<em>Estado mental que se produce de forma natural o que puede ser inducido por uno mismo o por otra persona. En dicho estado nuestro juicio cr\u00edtico se pone en suspenso y nuestra atenci\u00f3n est\u00e1 totalmente focalizada consiguiendo un acceso total a nuestra mente inconsciente, donde guardamos todos nuestros recursos, aprendizajes y experiencias. Dicho estado se caracteriza por una elevada sugestionabilidad, un aumento de la relajaci\u00f3n, de la imaginaci\u00f3n y por una comunicaci\u00f3n plena e intensa con el gu\u00eda de dicha hipnosis, con nosotros mismos y con el entorno.<\/em>\n\n<em>En el caso de una hipnosis guiada por alguien, es la conexi\u00f3n m\u00e1s intensa a nivel mental que pueden experimentar dos personas.<\/em>\n\n<img class=\"size-medium wp-image-66 aligncenter\" src=\"http:\/\/boycehypnosis.com\/wp-content\/uploads\/2018\/04\/Hipnosis_letras-460x230.jpg\" alt=\"\" width=\"300\" height=\"150\" \/>\n\nLa hipnosis es la herramienta de cambio m\u00e1s potente que existe. Su eficacia ha sido probada en multitud de estudios cient\u00edficos y actualmente su uso se extiende desde tratamientos de adicciones (tabaco, drogas, alcohol), tratamiento de fobias, control del dolor hasta psicoterapia.\n\n&nbsp;\n\n<img class=\"size-medium wp-image-71 alignright\" src=\"https:\/\/boycehypnosis.com\/wp-content\/uploads\/2018\/04\/mente_smiley-300x294.jpg\" alt=\"\" width=\"300\" height=\"294\" \/>\n\n&nbsp;\n\n&nbsp;\n\nLa hipnosis es un estado que consigue que al estar trabajando con\u00a0la mente inconsciente produzcamos cambios permanentes sin resistencia,\u00a0salvando la barrera consciente que razona el porqu\u00e9 no debemos cambiar y adentr\u00e1ndonos en la parte inconsciente que es la que aprende, evoluciona,\u00a0cambia y\u00a0que nos protege.\n\n&nbsp;","_et_gb_content_width":"","footnotes":""},"class_list":["post-50359","page","type-page","status-publish","has-post-thumbnail","hentry"],"yoast_head":"<!-- This site is optimized with the Yoast SEO plugin v26.2 - https:\/\/yoast.com\/wordpress\/plugins\/seo\/ -->\n<title>Introducci\u00f3n Hipnosis - Boyce Hypnosis<\/title>\n<meta name=\"robots\" content=\"index, follow, max-snippet:-1, max-image-preview:large, max-video-preview:-1\" \/>\n<link rel=\"canonical\" href=\"https:\/\/boycehypnosis.com\/en\/introduccion-hipnosis\/\" \/>\n<meta property=\"og:locale\" content=\"en_US\" \/>\n<meta property=\"og:type\" content=\"article\" \/>\n<meta property=\"og:title\" content=\"Introducci\u00f3n Hipnosis - Boyce Hypnosis\" \/>\n<meta property=\"og:description\" content=\"\u00bfQu\u00e9 es la hipnosis? Nuestra propia definici\u00f3n Roxanna Erickson Klein Phd, hija de Milton H. Erickson (padre de la hipnosis moderna), en uno de los cursos a los que tuve la suerte de asistir para formarme directamente con ella, inst\u00f3 a todos los presentes a que tuviesen su propia definici\u00f3n de hipnosis, la cual muy [&hellip;]\" \/>\n<meta property=\"og:url\" content=\"https:\/\/boycehypnosis.com\/en\/introduccion-hipnosis\/\" \/>\n<meta property=\"og:site_name\" content=\"Boyce Hypnosis\" \/>\n<meta property=\"article:modified_time\" content=\"2020-08-04T09:18:15+00:00\" \/>\n<meta property=\"og:image\" content=\"https:\/\/boycehypnosis.com\/wp-content\/uploads\/2018\/10\/curso-online-de-hipnosis-requisitos-precio.png\" \/>\n\t<meta property=\"og:image:width\" content=\"849\" \/>\n\t<meta property=\"og:image:height\" content=\"566\" \/>\n\t<meta property=\"og:image:type\" content=\"image\/png\" \/>\n<meta name=\"twitter:card\" content=\"summary_large_image\" \/>\n<meta name=\"twitter:label1\" content=\"Est. reading time\" \/>\n\t<meta name=\"twitter:data1\" content=\"5 minutes\" \/>\n<script type=\"application\/ld+json\" class=\"yoast-schema-graph\">{\"@context\":\"https:\/\/schema.org\",\"@graph\":[{\"@type\":\"WebPage\",\"@id\":\"https:\/\/boycehypnosis.com\/en\/introduccion-hipnosis\/\",\"url\":\"https:\/\/boycehypnosis.com\/en\/introduccion-hipnosis\/\",\"name\":\"Introducci\u00f3n Hipnosis - Boyce Hypnosis\",\"isPartOf\":{\"@id\":\"https:\/\/boycehypnosis.com\/#website\"},\"primaryImageOfPage\":{\"@id\":\"https:\/\/boycehypnosis.com\/en\/introduccion-hipnosis\/#primaryimage\"},\"image\":{\"@id\":\"https:\/\/boycehypnosis.com\/en\/introduccion-hipnosis\/#primaryimage\"},\"thumbnailUrl\":\"https:\/\/boycehypnosis.com\/wp-content\/uploads\/2018\/10\/curso-online-de-hipnosis-requisitos-precio.png\",\"datePublished\":\"2018-04-11T08:34:23+00:00\",\"dateModified\":\"2020-08-04T09:18:15+00:00\",\"breadcrumb\":{\"@id\":\"https:\/\/boycehypnosis.com\/en\/introduccion-hipnosis\/#breadcrumb\"},\"inLanguage\":\"en-US\",\"potentialAction\":[{\"@type\":\"ReadAction\",\"target\":[\"https:\/\/boycehypnosis.com\/en\/introduccion-hipnosis\/\"]}]},{\"@type\":\"ImageObject\",\"inLanguage\":\"en-US\",\"@id\":\"https:\/\/boycehypnosis.com\/en\/introduccion-hipnosis\/#primaryimage\",\"url\":\"https:\/\/boycehypnosis.com\/wp-content\/uploads\/2018\/10\/curso-online-de-hipnosis-requisitos-precio.png\",\"contentUrl\":\"https:\/\/boycehypnosis.com\/wp-content\/uploads\/2018\/10\/curso-online-de-hipnosis-requisitos-precio.png\",\"width\":849,\"height\":566,\"caption\":\"La realidad se crea en nuestra mente consciente\"},{\"@type\":\"BreadcrumbList\",\"@id\":\"https:\/\/boycehypnosis.com\/en\/introduccion-hipnosis\/#breadcrumb\",\"itemListElement\":[{\"@type\":\"ListItem\",\"position\":1,\"name\":\"Portada\",\"item\":\"https:\/\/boycehypnosis.com\/en\/\"},{\"@type\":\"ListItem\",\"position\":2,\"name\":\"Introducci\u00f3n Hipnosis\"}]},{\"@type\":\"WebSite\",\"@id\":\"https:\/\/boycehypnosis.com\/#website\",\"url\":\"https:\/\/boycehypnosis.com\/\",\"name\":\"Boyce Hypnosis\",\"description\":\"Hipnoterapia y comunicaci\u00f3n mediante la hipnosis\",\"potentialAction\":[{\"@type\":\"SearchAction\",\"target\":{\"@type\":\"EntryPoint\",\"urlTemplate\":\"https:\/\/boycehypnosis.com\/?s={search_term_string}\"},\"query-input\":{\"@type\":\"PropertyValueSpecification\",\"valueRequired\":true,\"valueName\":\"search_term_string\"}}],\"inLanguage\":\"en-US\"}]}<\/script>\n<!-- \/ Yoast SEO plugin. -->","yoast_head_json":{"title":"Introducci\u00f3n Hipnosis - Boyce Hypnosis","robots":{"index":"index","follow":"follow","max-snippet":"max-snippet:-1","max-image-preview":"max-image-preview:large","max-video-preview":"max-video-preview:-1"},"canonical":"https:\/\/boycehypnosis.com\/en\/introduccion-hipnosis\/","og_locale":"en_US","og_type":"article","og_title":"Introducci\u00f3n Hipnosis - Boyce Hypnosis","og_description":"\u00bfQu\u00e9 es la hipnosis? Nuestra propia definici\u00f3n Roxanna Erickson Klein Phd, hija de Milton H. Erickson (padre de la hipnosis moderna), en uno de los cursos a los que tuve la suerte de asistir para formarme directamente con ella, inst\u00f3 a todos los presentes a que tuviesen su propia definici\u00f3n de hipnosis, la cual muy [&hellip;]","og_url":"https:\/\/boycehypnosis.com\/en\/introduccion-hipnosis\/","og_site_name":"Boyce Hypnosis","article_modified_time":"2020-08-04T09:18:15+00:00","og_image":[{"width":849,"height":566,"url":"https:\/\/boycehypnosis.com\/wp-content\/uploads\/2018\/10\/curso-online-de-hipnosis-requisitos-precio.png","type":"image\/png"}],"twitter_card":"summary_large_image","twitter_misc":{"Est. reading time":"5 minutes"},"schema":{"@context":"https:\/\/schema.org","@graph":[{"@type":"WebPage","@id":"https:\/\/boycehypnosis.com\/en\/introduccion-hipnosis\/","url":"https:\/\/boycehypnosis.com\/en\/introduccion-hipnosis\/","name":"Introducci\u00f3n Hipnosis - Boyce Hypnosis","isPartOf":{"@id":"https:\/\/boycehypnosis.com\/#website"},"primaryImageOfPage":{"@id":"https:\/\/boycehypnosis.com\/en\/introduccion-hipnosis\/#primaryimage"},"image":{"@id":"https:\/\/boycehypnosis.com\/en\/introduccion-hipnosis\/#primaryimage"},"thumbnailUrl":"https:\/\/boycehypnosis.com\/wp-content\/uploads\/2018\/10\/curso-online-de-hipnosis-requisitos-precio.png","datePublished":"2018-04-11T08:34:23+00:00","dateModified":"2020-08-04T09:18:15+00:00","breadcrumb":{"@id":"https:\/\/boycehypnosis.com\/en\/introduccion-hipnosis\/#breadcrumb"},"inLanguage":"en-US","potentialAction":[{"@type":"ReadAction","target":["https:\/\/boycehypnosis.com\/en\/introduccion-hipnosis\/"]}]},{"@type":"ImageObject","inLanguage":"en-US","@id":"https:\/\/boycehypnosis.com\/en\/introduccion-hipnosis\/#primaryimage","url":"https:\/\/boycehypnosis.com\/wp-content\/uploads\/2018\/10\/curso-online-de-hipnosis-requisitos-precio.png","contentUrl":"https:\/\/boycehypnosis.com\/wp-content\/uploads\/2018\/10\/curso-online-de-hipnosis-requisitos-precio.png","width":849,"height":566,"caption":"La realidad se crea en nuestra mente consciente"},{"@type":"BreadcrumbList","@id":"https:\/\/boycehypnosis.com\/en\/introduccion-hipnosis\/#breadcrumb","itemListElement":[{"@type":"ListItem","position":1,"name":"Portada","item":"https:\/\/boycehypnosis.com\/en\/"},{"@type":"ListItem","position":2,"name":"Introducci\u00f3n Hipnosis"}]},{"@type":"WebSite","@id":"https:\/\/boycehypnosis.com\/#website","url":"https:\/\/boycehypnosis.com\/","name":"Boyce Hypnosis","description":"Hipnoterapia y comunicaci\u00f3n mediante la hipnosis","potentialAction":[{"@type":"SearchAction","target":{"@type":"EntryPoint","urlTemplate":"https:\/\/boycehypnosis.com\/?s={search_term_string}"},"query-input":{"@type":"PropertyValueSpecification","valueRequired":true,"valueName":"search_term_string"}}],"inLanguage":"en-US"}]}},"_links":{"self":[{"href":"https:\/\/boycehypnosis.com\/en\/wp-json\/wp\/v2\/pages\/50359","targetHints":{"allow":["GET"]}}],"collection":[{"href":"https:\/\/boycehypnosis.com\/en\/wp-json\/wp\/v2\/pages"}],"about":[{"href":"https:\/\/boycehypnosis.com\/en\/wp-json\/wp\/v2\/types\/page"}],"author":[{"embeddable":true,"href":"https:\/\/boycehypnosis.com\/en\/wp-json\/wp\/v2\/users\/2"}],"replies":[{"embeddable":true,"href":"https:\/\/boycehypnosis.com\/en\/wp-json\/wp\/v2\/comments?post=50359"}],"version-history":[{"count":2,"href":"https:\/\/boycehypnosis.com\/en\/wp-json\/wp\/v2\/pages\/50359\/revisions"}],"predecessor-version":[{"id":50594,"href":"https:\/\/boycehypnosis.com\/en\/wp-json\/wp\/v2\/pages\/50359\/revisions\/50594"}],"wp:featuredmedia":[{"embeddable":true,"href":"https:\/\/boycehypnosis.com\/en\/wp-json\/wp\/v2\/media\/50595"}],"wp:attachment":[{"href":"https:\/\/boycehypnosis.com\/en\/wp-json\/wp\/v2\/media?parent=50359"}],"curies":[{"name":"wp","href":"https:\/\/api.w.org\/{rel}","templated":true}]}}