{"id":50355,"date":"2018-04-11T10:52:11","date_gmt":"2018-04-11T08:52:11","guid":{"rendered":"https:\/\/boycehypnosis.com\/que-es-el-trance-hipnotico\/"},"modified":"2020-08-06T10:55:14","modified_gmt":"2020-08-06T08:55:14","slug":"que-es-el-trance-hipnotico","status":"publish","type":"page","link":"https:\/\/boycehypnosis.com\/en\/que-es-el-trance-hipnotico\/","title":{"rendered":"\u00bfQU\u00c9 ES EL TRANCE HIPN\u00d3TICO?"},"content":{"rendered":"<p>[et_pb_section fb_built=&#8221;1&#8243; custom_padding_last_edited=&#8221;on|tablet&#8221; next_background_color=&#8221;#34545a&#8221; admin_label=&#8221;About Me&#8221; _builder_version=&#8221;4.0.9&#8243; background_enable_color=&#8221;off&#8221; custom_padding=&#8221;2vw|0px|0vw|0px|false|false&#8221; custom_padding_tablet=&#8221;||10vw|&#8221; custom_padding_phone=&#8221;&#8221; top_divider_height=&#8221;6vw&#8221; top_divider_flip=&#8221;vertical&#8221; bottom_divider_style=&#8221;curve&#8221; bottom_divider_height=&#8221;10vw&#8221; bottom_divider_repeat=&#8221;0.5x&#8221;][et_pb_row column_structure=&#8221;1_2,1_2&#8243; _builder_version=&#8221;3.25&#8243;][et_pb_column type=&#8221;1_2&#8243; _builder_version=&#8221;3.25&#8243; custom_padding=&#8221;|||&#8221; custom_padding__hover=&#8221;|||&#8221;][et_pb_text _builder_version=&#8221;4.0.9&#8243; text_font=&#8221;||||||||&#8221; text_line_height=&#8221;2em&#8221; header_font=&#8221;||||||||&#8221; header_2_font=&#8221;Merriweather|700|||||||&#8221; header_2_font_size=&#8221;36px&#8221; header_2_line_height=&#8221;1.6em&#8221; custom_margin=&#8221;35px|||||&#8221; header_2_font_size_tablet=&#8221;&#8221; header_2_font_size_phone=&#8221;20px&#8221; header_2_font_size_last_edited=&#8221;on|phone&#8221; locked=&#8221;off&#8221;]<\/p>\n<h2>\u00bfQu\u00e9 es el trance hipn\u00f3tico?<\/h2>\n<p>Afortunadamente, nuestras mentes est\u00e1n perfectamente estructuradas para tener ese mecanismo de seguridad que nos permite cambiar y continuar creciendo.<\/p>\n<p>Este mecanismo de seguridad es lo que llamamos <strong>TRANCE<\/strong> y en hipnosis desarrollamos un estado especial de trance de modo que nos permitimos crear un mundo m\u00e1s enriquecedor y agradable en el que vivir.<\/p>\n<p>[\/et_pb_text][\/et_pb_column][et_pb_column type=&#8221;1_2&#8243; _builder_version=&#8221;3.25&#8243; custom_padding=&#8221;|||&#8221; custom_padding__hover=&#8221;|||&#8221;][et_pb_image src=&#8221;https:\/\/boycehypnosis.com\/wp-content\/uploads\/2020\/01\/artificial-intelligence-2228610_1920.jpg&#8221; align_tablet=&#8221;center&#8221; align_phone=&#8221;&#8221; align_last_edited=&#8221;on|desktop&#8221; _builder_version=&#8221;4.0.9&#8243; animation_style=&#8221;zoom&#8221; animation_intensity_zoom=&#8221;10%&#8221; border_radii=&#8221;on|200px|200px|200px|200px&#8221; animation=&#8221;top&#8221;][\/et_pb_image][\/et_pb_column][\/et_pb_row][et_pb_row column_structure=&#8221;1_3,1_3,1_3&#8243; _builder_version=&#8221;3.25&#8243;][et_pb_column type=&#8221;1_3&#8243; _builder_version=&#8221;3.25&#8243; custom_padding=&#8221;|||&#8221; custom_padding__hover=&#8221;|||&#8221;][et_pb_blurb title=&#8221;Posibilidades infinitas&#8221; image_max_width=&#8221;80px&#8221; _builder_version=&#8221;4.5.3&#8243; header_font=&#8221;Merriweather|700|||||||&#8221; header_line_height=&#8221;1.8em&#8221; body_font=&#8221;||||||||&#8221; body_font_size=&#8221;13px&#8221; body_line_height=&#8221;2em&#8221; background_color=&#8221;#ffffff&#8221; text_orientation=&#8221;center&#8221; custom_padding=&#8221;30px|30px|30px|30px|true|true&#8221; animation_style=&#8221;zoom&#8221; animation_intensity_zoom=&#8221;10%&#8221; hover_enabled=&#8221;0&#8243; border_radii=&#8221;on|10px|10px|10px|10px&#8221; border_radii_image=&#8221;on|100px|100px|100px|100px&#8221; box_shadow_style=&#8221;preset1&#8243; box_shadow_vertical=&#8221;10px&#8221; box_shadow_blur=&#8221;60px&#8221; box_shadow_color=&#8221;rgba(1,33,92,0.1)&#8221; box_shadow_style_image=&#8221;preset1&#8243; box_shadow_vertical_image=&#8221;10px&#8221; box_shadow_blur_image=&#8221;40px&#8221; box_shadow_spread_image=&#8221;-10px&#8221; box_shadow_color_image=&#8221;rgba(91,110,115,0.1)&#8221; locked=&#8221;off&#8221; body_font_size_last_edited=&#8221;on|phone&#8221; body_font_size_phone=&#8221;15px&#8221;]<\/p>\n<p>El estado de trance es algo natural que nos sucede continuamente en nuestras vidas diarias. Es <strong>una forma de equilibrar nuestras experiencias emocionales<\/strong>, una forma de hacer cambios en nuestras vidas y una forma de crecer y aprender como seres humanos.<\/p>\n<p>[\/et_pb_blurb][\/et_pb_column][et_pb_column type=&#8221;1_3&#8243; _builder_version=&#8221;3.25&#8243; custom_padding=&#8221;|||&#8221; custom_padding__hover=&#8221;|||&#8221;][et_pb_text _builder_version=&#8221;4.0.9&#8243; text_font=&#8221;||||||||&#8221; text_line_height=&#8221;2em&#8221; header_font=&#8221;||||||||&#8221; header_2_font=&#8221;Merriweather|700|||||||&#8221; header_2_font_size=&#8221;36px&#8221; header_2_line_height=&#8221;1.6em&#8221; header_2_font_size_tablet=&#8221;&#8221; header_2_font_size_phone=&#8221;20px&#8221; header_2_font_size_last_edited=&#8221;on|phone&#8221; locked=&#8221;off&#8221;]Algunos ejemplos de trances que suceden en nuestra vida diaria son:[\/et_pb_text][et_pb_blurb title=&#8221;Conducir un coche&#8221; use_icon=&#8221;on&#8221; font_icon=&#8221;%%175%%&#8221; icon_color=&#8221;#1d90d3&#8243; use_circle=&#8221;on&#8221; circle_color=&#8221;#eaeaea&#8221; icon_placement=&#8221;left&#8221; content_max_width=&#8221;300px&#8221; _builder_version=&#8221;4.0.9&#8243; header_level=&#8221;h5&#8243; header_font=&#8221;|700||on|||||&#8221; header_text_color=&#8221;#000000&#8243; header_font_size=&#8221;11px&#8221; header_letter_spacing=&#8221;1px&#8221; header_line_height=&#8221;2.5em&#8221; body_font=&#8221;||||||||&#8221; body_font_size=&#8221;12px&#8221; body_line_height=&#8221;1.6em&#8221; custom_padding=&#8221;|||&#8221; animation=&#8221;off&#8221; border_radii=&#8221;on|10px|10px|10px|10px&#8221; locked=&#8221;off&#8221;][\/et_pb_blurb][et_pb_blurb title=&#8221;Ver una pel\u00edcula&#8221; use_icon=&#8221;on&#8221; font_icon=&#8221;%%54%%&#8221; icon_color=&#8221;#1d90d3&#8243; use_circle=&#8221;on&#8221; circle_color=&#8221;#eaeaea&#8221; icon_placement=&#8221;left&#8221; content_max_width=&#8221;300px&#8221; _builder_version=&#8221;4.0.9&#8243; header_level=&#8221;h5&#8243; header_font=&#8221;|700||on|||||&#8221; header_text_color=&#8221;#000000&#8243; header_font_size=&#8221;11px&#8221; header_letter_spacing=&#8221;1px&#8221; header_line_height=&#8221;2.5em&#8221; body_font=&#8221;||||||||&#8221; body_font_size=&#8221;12px&#8221; body_line_height=&#8221;1.6em&#8221; custom_padding=&#8221;|||&#8221; animation=&#8221;off&#8221; border_radii=&#8221;on|10px|10px|10px|10px&#8221; locked=&#8221;off&#8221;][\/et_pb_blurb][et_pb_blurb title=&#8221;Conducir un coche&#8221; use_icon=&#8221;on&#8221; font_icon=&#8221;%%65%%&#8221; icon_color=&#8221;#1d90d3&#8243; use_circle=&#8221;on&#8221; circle_color=&#8221;#eaeaea&#8221; icon_placement=&#8221;left&#8221; content_max_width=&#8221;300px&#8221; _builder_version=&#8221;4.0.9&#8243; header_level=&#8221;h5&#8243; header_font=&#8221;|700||on|||||&#8221; header_text_color=&#8221;#000000&#8243; header_font_size=&#8221;11px&#8221; header_letter_spacing=&#8221;1px&#8221; header_line_height=&#8221;2.5em&#8221; body_font=&#8221;||||||||&#8221; body_font_size=&#8221;12px&#8221; body_line_height=&#8221;1.6em&#8221; custom_padding=&#8221;|||&#8221; animation=&#8221;off&#8221; border_radii=&#8221;on|10px|10px|10px|10px&#8221; locked=&#8221;off&#8221;][\/et_pb_blurb][\/et_pb_column][et_pb_column type=&#8221;1_3&#8243; _builder_version=&#8221;3.25&#8243; custom_padding=&#8221;|||&#8221; custom_padding__hover=&#8221;|||&#8221;][\/et_pb_column][\/et_pb_row][\/et_pb_section][et_pb_section fb_built=&#8221;1&#8243; admin_label=&#8221;Call to Action&#8221; _builder_version=&#8221;4.0.9&#8243; background_color=&#8221;#34545a&#8221; use_background_color_gradient=&#8221;on&#8221; background_color_gradient_start=&#8221;#34545a&#8221; background_color_gradient_end=&#8221;rgba(52,84,90,0.8)&#8221; background_color_gradient_overlays_image=&#8221;on&#8221; background_image=&#8221;https:\/\/boycehypnosis.com\/wp-content\/uploads\/2020\/01\/psychology-2706899_1920.jpg&#8221;][et_pb_row _builder_version=&#8221;3.25&#8243;][et_pb_column type=&#8221;4_4&#8243; _builder_version=&#8221;3.25&#8243; custom_padding=&#8221;|||&#8221; custom_padding__hover=&#8221;|||&#8221;][et_pb_text _builder_version=&#8221;4.0.9&#8243; text_font=&#8221;||||||||&#8221; text_line_height=&#8221;2em&#8221; ul_font=&#8221;||||||||&#8221; ol_font=&#8221;||||||||&#8221; header_font=&#8221;||||||||&#8221; header_2_font=&#8221;||||||||&#8221; header_3_font=&#8221;Merriweather|700|||||||&#8221; header_3_font_size=&#8221;30px&#8221; header_3_line_height=&#8221;1.6em&#8221; header_4_font=&#8221;Merriweather|700|||||||&#8221; header_4_text_color=&#8221;#22d8f4&#8243; header_4_line_height=&#8221;1.8em&#8221; header_5_font=&#8221;||||||||&#8221; header_6_font=&#8221;||||||||&#8221; text_orientation=&#8221;center&#8221; background_layout=&#8221;dark&#8221; max_width=&#8221;700px&#8221; module_alignment=&#8221;center&#8221; header_3_font_size_tablet=&#8221;&#8221; header_3_font_size_phone=&#8221;16px&#8221; header_3_font_size_last_edited=&#8221;on|desktop&#8221; header_4_font_size_tablet=&#8221;&#8221; header_4_font_size_phone=&#8221;14px&#8221; header_4_font_size_last_edited=&#8221;on|phone&#8221; locked=&#8221;off&#8221;]<\/p>\n<h3>La hipnosis es un proceso natural<\/h3>\n<h4>Podemos aprovecharla para realizar cambios en otros<\/h4>\n<p>En las personas con las que interactuamos de forma que no rechacen la informaci\u00f3n que les presentamos, ya sea \u00e9sta un consejo o una nueva forma de ver la realidad.<\/p>\n<p>Lo interesante de todo esto es, si en vez de esperar a que ocurra un trance de forma natural, creo las condiciones para que suceda, es decir, lo creo yo en el otro, ser\u00eda una gran ventaja en pr\u00e1cticamente todas las situaciones en las que me encuentro a lo largo del d\u00eda, \u00bfno es as\u00ed?<\/p>\n<p>[\/et_pb_text][\/et_pb_column][\/et_pb_row][\/et_pb_section][et_pb_section fb_built=&#8221;1&#8243; admin_label=&#8221;Frequently Asked Questions&#8221; _builder_version=&#8221;3.22&#8243; custom_padding=&#8221;5px||12px|||&#8221;][et_pb_row _builder_version=&#8221;3.25&#8243; custom_padding=&#8221;0px|||||&#8221;][et_pb_column type=&#8221;4_4&#8243; _builder_version=&#8221;3.25&#8243; custom_padding=&#8221;|||&#8221; custom_padding__hover=&#8221;|||&#8221;][et_pb_image src=&#8221;https:\/\/boycehypnosis.com\/wp-content\/uploads\/2020\/01\/hypnosis-4041582_1920.jpg&#8221; align=&#8221;center&#8221; align_tablet=&#8221;center&#8221; align_phone=&#8221;&#8221; align_last_edited=&#8221;on|desktop&#8221; _builder_version=&#8221;4.0.9&#8243; max_width=&#8221;500px&#8221; custom_padding=&#8221;||0px|||&#8221;][\/et_pb_image][et_pb_text _builder_version=&#8221;4.0.9&#8243; text_font=&#8221;||||||||&#8221; text_line_height=&#8221;2em&#8221; header_font=&#8221;||||||||&#8221; header_2_font=&#8221;Merriweather|700|||||||&#8221; header_2_font_size=&#8221;36px&#8221; header_2_line_height=&#8221;1.6em&#8221; header_3_font=&#8221;Merriweather|700|||||||&#8221; header_3_text_color=&#8221;#1d90d3&#8243; header_3_font_size=&#8221;18px&#8221; header_3_line_height=&#8221;1.8em&#8221; text_orientation=&#8221;center&#8221; header_2_font_size_tablet=&#8221;&#8221; header_2_font_size_phone=&#8221;20px&#8221; header_2_font_size_last_edited=&#8221;on|phone&#8221; header_3_font_size_tablet=&#8221;&#8221; header_3_font_size_phone=&#8221;14px&#8221; header_3_font_size_last_edited=&#8221;on|phone&#8221; locked=&#8221;off&#8221;]<\/p>\n<h2>Tienes la oportunidad del cambio a tu alcance<\/h2>\n<h3>Aprovecha el momento<\/h3>\n<p>[\/et_pb_text][et_pb_button button_url=&#8221;\/contacto\/&#8221; button_text=&#8221;Contacta sin compromiso&#8221; button_alignment=&#8221;center&#8221; _builder_version=&#8221;4.0.9&#8243; custom_button=&#8221;on&#8221; button_text_size=&#8221;13px&#8221; button_text_color=&#8221;#ffffff&#8221; button_bg_color=&#8221;#223370&#8243; button_border_width=&#8221;0px&#8221; button_border_color=&#8221;rgba(0,0,0,0)&#8221; button_border_radius=&#8221;100px&#8221; button_letter_spacing=&#8221;2px&#8221; button_font=&#8221;Montserrat|500||on|||||&#8221; button_use_icon=&#8221;off&#8221; custom_padding=&#8221;16px|30px|16px|30px|true|true&#8221; box_shadow_style=&#8221;preset1&#8243; box_shadow_vertical=&#8221;10px&#8221; box_shadow_blur=&#8221;20px&#8221; box_shadow_color=&#8221;rgba(21,195,154,0.3)&#8221; button_letter_spacing_hover=&#8221;2px&#8221; locked=&#8221;off&#8221; button_text_size__hover_enabled=&#8221;off&#8221; button_one_text_size__hover_enabled=&#8221;off&#8221; button_two_text_size__hover_enabled=&#8221;off&#8221; button_text_color__hover_enabled=&#8221;off&#8221; button_one_text_color__hover_enabled=&#8221;off&#8221; button_two_text_color__hover_enabled=&#8221;off&#8221; button_border_width__hover_enabled=&#8221;off&#8221; button_one_border_width__hover_enabled=&#8221;off&#8221; button_two_border_width__hover_enabled=&#8221;off&#8221; button_border_color__hover_enabled=&#8221;off&#8221; button_one_border_color__hover_enabled=&#8221;off&#8221; button_two_border_color__hover_enabled=&#8221;off&#8221; button_border_radius__hover_enabled=&#8221;off&#8221; button_one_border_radius__hover_enabled=&#8221;off&#8221; button_two_border_radius__hover_enabled=&#8221;off&#8221; button_letter_spacing__hover_enabled=&#8221;on&#8221; button_letter_spacing__hover=&#8221;2px&#8221; button_one_letter_spacing__hover_enabled=&#8221;off&#8221; button_two_letter_spacing__hover_enabled=&#8221;off&#8221; button_bg_color__hover_enabled=&#8221;off&#8221; button_one_bg_color__hover_enabled=&#8221;off&#8221; button_two_bg_color__hover_enabled=&#8221;off&#8221;][\/et_pb_button][\/et_pb_column][\/et_pb_row][\/et_pb_section]<\/p>\n","protected":false},"excerpt":{"rendered":"<p>\u00bfQu\u00e9 es el trance hipn\u00f3tico? Afortunadamente, nuestras mentes est\u00e1n perfectamente estructuradas para tener ese mecanismo de seguridad que nos permite cambiar y continuar creciendo. Este mecanismo de seguridad es lo que llamamos TRANCE y en hipnosis desarrollamos un estado especial de trance de modo que nos permitimos crear un mundo m\u00e1s enriquecedor y agradable en [&hellip;]<\/p>\n","protected":false},"author":2,"featured_media":50588,"parent":0,"menu_order":0,"comment_status":"closed","ping_status":"closed","template":"","meta":{"_et_pb_use_builder":"on","_et_pb_old_content":"<img class=\"size-medium wp-image-80 alignright\" src=\"https:\/\/boycehypnosis.com\/wp-content\/uploads\/2018\/04\/meditacion-233x300.jpg\" alt=\"\" width=\"233\" height=\"300\" \/>\n\nAfortunadamente, nuestras mentes est\u00e1n perfectamente estructuradas para tener ese mecanismo de seguridad que nos permite cambiar y continuar creciendo. Este mecanismo de seguridad es lo que llamamos TRANCE y en hipnosis desarrollamos un estado especial de trance de modo que nos permitimos crear un mundo m\u00e1s enriquecedor y agradable en el que vivir.\n\n&nbsp;\n\n&nbsp;\n\n&nbsp;\n\nAlgunos ejemplos de trances que suceden en nuestra vida diaria son:\n\n&nbsp;\n<ul>\n \t<li>Conducir un coche<\/li>\n \t<li>Ver una pel\u00edcula<\/li>\n \t<li>Leer un libro<\/li>\n<\/ul>\nEl estado de trance es algo natural que nos sucede continuamente en nuestras vidas diarias. Es una forma de equilibrar nuestras experiencias emocionales, una forma de hacer cambios en nuestras vidas y una forma de crecer y aprender como seres humanos.\n\n&nbsp;\n\n<img class=\"size-medium wp-image-81 aligncenter\" src=\"https:\/\/boycehypnosis.com\/wp-content\/uploads\/2018\/04\/hipnoterapeuta2-300x200.jpg\" alt=\"\" width=\"300\" height=\"200\" \/>\n\n&nbsp;\n\nPodemos concluir que la hipnosis es un proceso natural que sucede diariamente que podemos aprovechar para realizar cambios en los otros, en las personas con las que interactuamos de forma que no rechacen la informaci\u00f3n que les presentamos, ya sea \u00e9sta un consejo o una nueva forma de ver la realidad.\n\n&nbsp;\n\nLo interesante de todo esto es, si en vez de esperar a que ocurra un trance de forma natural, creo las condiciones para que suceda, es decir, lo creo yo en el otro, ser\u00eda una gran ventaja en pr\u00e1cticamente todas las situaciones\u00a0en las que me encuentro a lo largo del d\u00eda, \u00bfno es as\u00ed?.","_et_gb_content_width":"","footnotes":""},"class_list":["post-50355","page","type-page","status-publish","has-post-thumbnail","hentry"],"yoast_head":"<!-- This site is optimized with the Yoast SEO plugin v26.2 - https:\/\/yoast.com\/wordpress\/plugins\/seo\/ -->\n<title>\u00bfQu\u00e9 es el trance hipn\u00f3tico? | Boyce Hypnosis<\/title>\n<meta name=\"description\" content=\"Es el mecanismo de seguridad de nuestra mente que nos permite cambiar y continuar creciendo. En hipnosis desarrollamos un estado especial de trance.\" \/>\n<meta name=\"robots\" content=\"index, follow, max-snippet:-1, max-image-preview:large, max-video-preview:-1\" \/>\n<link rel=\"canonical\" href=\"https:\/\/boycehypnosis.com\/en\/que-es-el-trance-hipnotico\/\" \/>\n<meta property=\"og:locale\" content=\"en_US\" \/>\n<meta property=\"og:type\" content=\"article\" \/>\n<meta property=\"og:title\" content=\"\u00bfQu\u00e9 es el trance hipn\u00f3tico? | Boyce Hypnosis\" \/>\n<meta property=\"og:description\" content=\"Es el mecanismo de seguridad de nuestra mente que nos permite cambiar y continuar creciendo. En hipnosis desarrollamos un estado especial de trance.\" \/>\n<meta property=\"og:url\" content=\"https:\/\/boycehypnosis.com\/en\/que-es-el-trance-hipnotico\/\" \/>\n<meta property=\"og:site_name\" content=\"Boyce Hypnosis\" \/>\n<meta property=\"article:modified_time\" content=\"2020-08-06T08:55:14+00:00\" \/>\n<meta property=\"og:image\" content=\"https:\/\/boycehypnosis.com\/wp-content\/uploads\/2020\/01\/hypnosis-4041582_1920.jpg\" \/>\n<meta name=\"twitter:card\" content=\"summary_large_image\" \/>\n<meta name=\"twitter:title\" content=\"\u00bfQu\u00e9 es el trance hipn\u00f3tico? | Boyce Hypnosis\" \/>\n<meta name=\"twitter:description\" content=\"Es el mecanismo de seguridad de nuestra mente que nos permite cambiar y continuar creciendo. En hipnosis desarrollamos un estado especial de trance.\" \/>\n<meta name=\"twitter:image\" content=\"https:\/\/boycehypnosis.com\/wp-content\/uploads\/2020\/02\/hypnosis-4041582_1920.jpg\" \/>\n<meta name=\"twitter:label1\" content=\"Est. reading time\" \/>\n\t<meta name=\"twitter:data1\" content=\"7 minutes\" \/>\n<script type=\"application\/ld+json\" class=\"yoast-schema-graph\">{\"@context\":\"https:\/\/schema.org\",\"@graph\":[{\"@type\":\"WebPage\",\"@id\":\"https:\/\/boycehypnosis.com\/en\/que-es-el-trance-hipnotico\/\",\"url\":\"https:\/\/boycehypnosis.com\/en\/que-es-el-trance-hipnotico\/\",\"name\":\"\u00bfQu\u00e9 es el trance hipn\u00f3tico? | Boyce Hypnosis\",\"isPartOf\":{\"@id\":\"https:\/\/boycehypnosis.com\/#website\"},\"primaryImageOfPage\":{\"@id\":\"https:\/\/boycehypnosis.com\/en\/que-es-el-trance-hipnotico\/#primaryimage\"},\"image\":{\"@id\":\"https:\/\/boycehypnosis.com\/en\/que-es-el-trance-hipnotico\/#primaryimage\"},\"thumbnailUrl\":\"https:\/\/boycehypnosis.com\/wp-content\/uploads\/2020\/02\/hypnosis-4041582_1920.jpg\",\"datePublished\":\"2018-04-11T08:52:11+00:00\",\"dateModified\":\"2020-08-06T08:55:14+00:00\",\"description\":\"Es el mecanismo de seguridad de nuestra mente que nos permite cambiar y continuar creciendo. En hipnosis desarrollamos un estado especial de trance.\",\"breadcrumb\":{\"@id\":\"https:\/\/boycehypnosis.com\/en\/que-es-el-trance-hipnotico\/#breadcrumb\"},\"inLanguage\":\"en-US\",\"potentialAction\":[{\"@type\":\"ReadAction\",\"target\":[\"https:\/\/boycehypnosis.com\/en\/que-es-el-trance-hipnotico\/\"]}]},{\"@type\":\"ImageObject\",\"inLanguage\":\"en-US\",\"@id\":\"https:\/\/boycehypnosis.com\/en\/que-es-el-trance-hipnotico\/#primaryimage\",\"url\":\"https:\/\/boycehypnosis.com\/wp-content\/uploads\/2020\/02\/hypnosis-4041582_1920.jpg\",\"contentUrl\":\"https:\/\/boycehypnosis.com\/wp-content\/uploads\/2020\/02\/hypnosis-4041582_1920.jpg\",\"width\":1920,\"height\":1280},{\"@type\":\"BreadcrumbList\",\"@id\":\"https:\/\/boycehypnosis.com\/en\/que-es-el-trance-hipnotico\/#breadcrumb\",\"itemListElement\":[{\"@type\":\"ListItem\",\"position\":1,\"name\":\"Portada\",\"item\":\"https:\/\/boycehypnosis.com\/en\/\"},{\"@type\":\"ListItem\",\"position\":2,\"name\":\"\u00bfQU\u00c9 ES EL TRANCE HIPN\u00d3TICO?\"}]},{\"@type\":\"WebSite\",\"@id\":\"https:\/\/boycehypnosis.com\/#website\",\"url\":\"https:\/\/boycehypnosis.com\/\",\"name\":\"Boyce Hypnosis\",\"description\":\"Hipnoterapia y comunicaci\u00f3n mediante la hipnosis\",\"potentialAction\":[{\"@type\":\"SearchAction\",\"target\":{\"@type\":\"EntryPoint\",\"urlTemplate\":\"https:\/\/boycehypnosis.com\/?s={search_term_string}\"},\"query-input\":{\"@type\":\"PropertyValueSpecification\",\"valueRequired\":true,\"valueName\":\"search_term_string\"}}],\"inLanguage\":\"en-US\"}]}<\/script>\n<!-- \/ Yoast SEO plugin. -->","yoast_head_json":{"title":"\u00bfQu\u00e9 es el trance hipn\u00f3tico? | Boyce Hypnosis","description":"Es el mecanismo de seguridad de nuestra mente que nos permite cambiar y continuar creciendo. En hipnosis desarrollamos un estado especial de trance.","robots":{"index":"index","follow":"follow","max-snippet":"max-snippet:-1","max-image-preview":"max-image-preview:large","max-video-preview":"max-video-preview:-1"},"canonical":"https:\/\/boycehypnosis.com\/en\/que-es-el-trance-hipnotico\/","og_locale":"en_US","og_type":"article","og_title":"\u00bfQu\u00e9 es el trance hipn\u00f3tico? | Boyce Hypnosis","og_description":"Es el mecanismo de seguridad de nuestra mente que nos permite cambiar y continuar creciendo. En hipnosis desarrollamos un estado especial de trance.","og_url":"https:\/\/boycehypnosis.com\/en\/que-es-el-trance-hipnotico\/","og_site_name":"Boyce Hypnosis","article_modified_time":"2020-08-06T08:55:14+00:00","og_image":[{"url":"https:\/\/boycehypnosis.com\/wp-content\/uploads\/2020\/01\/hypnosis-4041582_1920.jpg","type":"","width":"","height":""}],"twitter_card":"summary_large_image","twitter_title":"\u00bfQu\u00e9 es el trance hipn\u00f3tico? | Boyce Hypnosis","twitter_description":"Es el mecanismo de seguridad de nuestra mente que nos permite cambiar y continuar creciendo. En hipnosis desarrollamos un estado especial de trance.","twitter_image":"https:\/\/boycehypnosis.com\/wp-content\/uploads\/2020\/02\/hypnosis-4041582_1920.jpg","twitter_misc":{"Est. reading time":"7 minutes"},"schema":{"@context":"https:\/\/schema.org","@graph":[{"@type":"WebPage","@id":"https:\/\/boycehypnosis.com\/en\/que-es-el-trance-hipnotico\/","url":"https:\/\/boycehypnosis.com\/en\/que-es-el-trance-hipnotico\/","name":"\u00bfQu\u00e9 es el trance hipn\u00f3tico? | Boyce Hypnosis","isPartOf":{"@id":"https:\/\/boycehypnosis.com\/#website"},"primaryImageOfPage":{"@id":"https:\/\/boycehypnosis.com\/en\/que-es-el-trance-hipnotico\/#primaryimage"},"image":{"@id":"https:\/\/boycehypnosis.com\/en\/que-es-el-trance-hipnotico\/#primaryimage"},"thumbnailUrl":"https:\/\/boycehypnosis.com\/wp-content\/uploads\/2020\/02\/hypnosis-4041582_1920.jpg","datePublished":"2018-04-11T08:52:11+00:00","dateModified":"2020-08-06T08:55:14+00:00","description":"Es el mecanismo de seguridad de nuestra mente que nos permite cambiar y continuar creciendo. En hipnosis desarrollamos un estado especial de trance.","breadcrumb":{"@id":"https:\/\/boycehypnosis.com\/en\/que-es-el-trance-hipnotico\/#breadcrumb"},"inLanguage":"en-US","potentialAction":[{"@type":"ReadAction","target":["https:\/\/boycehypnosis.com\/en\/que-es-el-trance-hipnotico\/"]}]},{"@type":"ImageObject","inLanguage":"en-US","@id":"https:\/\/boycehypnosis.com\/en\/que-es-el-trance-hipnotico\/#primaryimage","url":"https:\/\/boycehypnosis.com\/wp-content\/uploads\/2020\/02\/hypnosis-4041582_1920.jpg","contentUrl":"https:\/\/boycehypnosis.com\/wp-content\/uploads\/2020\/02\/hypnosis-4041582_1920.jpg","width":1920,"height":1280},{"@type":"BreadcrumbList","@id":"https:\/\/boycehypnosis.com\/en\/que-es-el-trance-hipnotico\/#breadcrumb","itemListElement":[{"@type":"ListItem","position":1,"name":"Portada","item":"https:\/\/boycehypnosis.com\/en\/"},{"@type":"ListItem","position":2,"name":"\u00bfQU\u00c9 ES EL TRANCE HIPN\u00d3TICO?"}]},{"@type":"WebSite","@id":"https:\/\/boycehypnosis.com\/#website","url":"https:\/\/boycehypnosis.com\/","name":"Boyce Hypnosis","description":"Hipnoterapia y comunicaci\u00f3n mediante la hipnosis","potentialAction":[{"@type":"SearchAction","target":{"@type":"EntryPoint","urlTemplate":"https:\/\/boycehypnosis.com\/?s={search_term_string}"},"query-input":{"@type":"PropertyValueSpecification","valueRequired":true,"valueName":"search_term_string"}}],"inLanguage":"en-US"}]}},"_links":{"self":[{"href":"https:\/\/boycehypnosis.com\/en\/wp-json\/wp\/v2\/pages\/50355","targetHints":{"allow":["GET"]}}],"collection":[{"href":"https:\/\/boycehypnosis.com\/en\/wp-json\/wp\/v2\/pages"}],"about":[{"href":"https:\/\/boycehypnosis.com\/en\/wp-json\/wp\/v2\/types\/page"}],"author":[{"embeddable":true,"href":"https:\/\/boycehypnosis.com\/en\/wp-json\/wp\/v2\/users\/2"}],"replies":[{"embeddable":true,"href":"https:\/\/boycehypnosis.com\/en\/wp-json\/wp\/v2\/comments?post=50355"}],"version-history":[{"count":3,"href":"https:\/\/boycehypnosis.com\/en\/wp-json\/wp\/v2\/pages\/50355\/revisions"}],"predecessor-version":[{"id":50662,"href":"https:\/\/boycehypnosis.com\/en\/wp-json\/wp\/v2\/pages\/50355\/revisions\/50662"}],"wp:featuredmedia":[{"embeddable":true,"href":"https:\/\/boycehypnosis.com\/en\/wp-json\/wp\/v2\/media\/50588"}],"wp:attachment":[{"href":"https:\/\/boycehypnosis.com\/en\/wp-json\/wp\/v2\/media?parent=50355"}],"curies":[{"name":"wp","href":"https:\/\/api.w.org\/{rel}","templated":true}]}}