{"id":50353,"date":"2018-04-11T11:07:27","date_gmt":"2018-04-11T09:07:27","guid":{"rendered":"https:\/\/boycehypnosis.com\/que-es-la-hipnoterapia\/"},"modified":"2020-08-04T11:10:04","modified_gmt":"2020-08-04T09:10:04","slug":"que-es-la-hipnoterapia","status":"publish","type":"page","link":"https:\/\/boycehypnosis.com\/en\/que-es-la-hipnoterapia\/","title":{"rendered":"\u00bfQU\u00c9 ES LA HIPNOTERAPIA?"},"content":{"rendered":"\n\n[et_pb_section fb_built=&#8221;1&#8243; admin_label=&#8221;Header&#8221; _builder_version=&#8221;3.22&#8243; custom_padding=&#8221;17px||0px|||&#8221;][et_pb_row column_structure=&#8221;1_2,1_2&#8243; _builder_version=&#8221;3.25&#8243; background_size=&#8221;contain&#8221; animation_style=&#8221;zoom&#8221; animation_intensity_zoom=&#8221;10%&#8221;][et_pb_column type=&#8221;1_2&#8243; _builder_version=&#8221;3.25&#8243; custom_padding=&#8221;80px|||&#8221; custom_padding_tablet=&#8221;0px|||&#8221; custom_padding_phone=&#8221;&#8221; custom_padding_last_edited=&#8221;on|tablet&#8221; custom_padding__hover=&#8221;|||&#8221;][et_pb_text _builder_version=&#8221;4.0.9&#8243; text_font=&#8221;||||||||&#8221; ul_font=&#8221;||||||||&#8221; ol_font=&#8221;||||||||&#8221; header_font=&#8221;Montserrat|500||on|||||&#8221; header_font_size=&#8221;18px&#8221; header_letter_spacing=&#8221;5px&#8221; header_line_height=&#8221;1.5em&#8221; header_2_font=&#8221;Merriweather|700|||||||&#8221; header_2_font_size=&#8221;60px&#8221; header_2_line_height=&#8221;1.4em&#8221; header_3_font=&#8221;||||||||&#8221; header_4_font=&#8221;||||||||&#8221; header_5_font=&#8221;||||||||&#8221; header_6_font=&#8221;||||||||&#8221; header_font_size_tablet=&#8221;&#8221; header_font_size_phone=&#8221;12px&#8221; header_font_size_last_edited=&#8221;on|desktop&#8221; header_2_font_size_tablet=&#8221;50px&#8221; header_2_font_size_phone=&#8221;30px&#8221; header_2_font_size_last_edited=&#8221;on|desktop&#8221;]<h2>La Hipnoterapia<\/h2>\n<h1>\u00bfQu\u00e9 es la Hipnoterapia?<\/h1>\n<p>Admit\u00e1moslo, no somos perfectos, nadie lo es, \u00bfno crees? Hay cosas que sabes que deber\u00edas cambiar, peque\u00f1as modificaciones que har\u00edan tu vida m\u00e1s f\u00e1cil, m\u00e1s satisfactoria y m\u00e1s gratificante.<\/p>\n<p>Como por ejemplo, <strong>deshacerse de un mal h\u00e1bito<\/strong>, o vencer una fobia, o quiz\u00e1s encontrar esa fuerza de voluntad para seguir con tu dieta. Todos tenemos algo que mejorar o cambiar, pero \u00bfc\u00f3mo hacerlo?<\/p>\n<p>\u00bfC\u00f3mo puedes dejar un h\u00e1bito con el que llevas toda tu vida o encontrar la fuerza de voluntad para resistir a la tentaci\u00f3n? Y m\u00e1s importante, \u00bfC\u00f3mo puedes <strong>controlar aquellos impulsos que te atan<\/strong> y no te permiten vivir con la libertad que querr\u00edas?<\/p>\n<p>Si alguna vez lo has intentado por ti mismo, ya sabes que es algo que no es f\u00e1cil de conseguir. <strong>Aunque sea complicado, no es imposible<\/strong>; especialmente si obtienes la ayuda adecuada.<\/p>[\/et_pb_text][\/et_pb_column][et_pb_column type=&#8221;1_2&#8243; _builder_version=&#8221;3.25&#8243; custom_padding=&#8221;|||&#8221; custom_padding__hover=&#8221;|||&#8221;][et_pb_image src=&#8221;https:\/\/boycehypnosis.com\/wp-content\/uploads\/2020\/01\/realidad.jpg&#8221; align_tablet=&#8221;center&#8221; align_phone=&#8221;&#8221; align_last_edited=&#8221;on|desktop&#8221; _builder_version=&#8221;4.0.9&#8243; border_radii=&#8221;on|200px|200px|200px|200px&#8221;][\/et_pb_image][\/et_pb_column][\/et_pb_row][\/et_pb_section][et_pb_section fb_built=&#8221;1&#8243; admin_label=&#8221;Coaching&#8221; _builder_version=&#8221;3.22&#8243; custom_margin=&#8221;||-7px|||&#8221; custom_padding=&#8221;16px||0px|||&#8221;][et_pb_row column_structure=&#8221;1_3,1_3,1_3&#8243; _builder_version=&#8221;3.25&#8243; custom_padding=&#8221;||0px|||&#8221; locked=&#8221;off&#8221;][et_pb_column type=&#8221;1_3&#8243; _builder_version=&#8221;3.25&#8243; custom_padding=&#8221;|||&#8221; custom_padding__hover=&#8221;|||&#8221;][et_pb_blurb title=&#8221;Estos h\u00e1bitos son dif\u00edciles de controlar porque son inconscientes&#8221; use_icon=&#8221;on&#8221; font_icon=&#8221;%%110%%&#8221; icon_color=&#8221;#ffffff&#8221; use_circle=&#8221;on&#8221; circle_color=&#8221;#15c39a&#8221; use_circle_border=&#8221;on&#8221; circle_border_color=&#8221;#15c39a&#8221; use_icon_font_size=&#8221;on&#8221; icon_font_size=&#8221;30px&#8221; image_max_width_tablet=&#8221;60px&#8221; image_max_width_phone=&#8221;&#8221; image_max_width_last_edited=&#8221;on|tablet&#8221; _builder_version=&#8221;4.0.9&#8243; header_font=&#8221;Merriweather|700|||||||&#8221; header_line_height=&#8221;1.8em&#8221; body_line_height=&#8221;2em&#8221; background_color=&#8221;#ffffff&#8221; text_orientation=&#8221;center&#8221; custom_padding=&#8221;30px|30px|30px|30px|true|true&#8221; animation_style=&#8221;zoom&#8221; animation_intensity_zoom=&#8221;10%&#8221; border_radii=&#8221;on|10px|10px|10px|10px&#8221; box_shadow_style=&#8221;preset1&#8243; box_shadow_vertical=&#8221;10px&#8221; box_shadow_blur=&#8221;60px&#8221; box_shadow_color=&#8221;rgba(1,33,92,0.1)&#8221;]<p>La mejor manera para cambiar esos h\u00e1bitos, esos impulsos o esas sensaciones, ya sean fobias, adicciones como el tabaco o un dolor cr\u00f3nico, es desde el lugar de donde parten, es decir, <strong>de la mente inconsciente<\/strong>.<\/p>[\/et_pb_blurb][\/et_pb_column][et_pb_column type=&#8221;1_3&#8243; _builder_version=&#8221;3.25&#8243; custom_padding=&#8221;40px|||&#8221; custom_padding_tablet=&#8221;0px|||&#8221; custom_padding_phone=&#8221;&#8221; custom_padding_last_edited=&#8221;on|tablet&#8221; custom_padding__hover=&#8221;|||&#8221;][et_pb_blurb title=&#8221;La mejor forma de comunicarse con la mente inconsciente es a trav\u00e9s de la Hipnosis con Hipnoterapia&#8221; use_icon=&#8221;on&#8221; font_icon=&#8221;%%222%%&#8221; icon_color=&#8221;#ffffff&#8221; use_circle=&#8221;on&#8221; circle_color=&#8221;#437a88&#8243; use_circle_border=&#8221;on&#8221; circle_border_color=&#8221;#437a88&#8243; use_icon_font_size=&#8221;on&#8221; icon_font_size=&#8221;30px&#8221; image_max_width_tablet=&#8221;60px&#8221; image_max_width_phone=&#8221;&#8221; image_max_width_last_edited=&#8221;on|tablet&#8221; _builder_version=&#8221;4.0.9&#8243; header_font=&#8221;Merriweather|700|||||||&#8221; header_line_height=&#8221;1.8em&#8221; body_line_height=&#8221;2em&#8221; background_color=&#8221;#ffffff&#8221; text_orientation=&#8221;center&#8221; custom_padding=&#8221;30px|30px|30px|30px|true|true&#8221; animation_style=&#8221;zoom&#8221; animation_intensity_zoom=&#8221;10%&#8221; border_radii=&#8221;on|10px|10px|10px|10px&#8221; box_shadow_style=&#8221;preset1&#8243; box_shadow_vertical=&#8221;10px&#8221; box_shadow_blur=&#8221;60px&#8221; box_shadow_color=&#8221;rgba(1,33,92,0.1)&#8221;]<p>Observa que esta palabra est\u00e1 compuesta por dos palabras: <strong>Hipnosis y Terapia<\/strong>. Es una terapia complementaria que utiliza el poder de la Hipnosis para infundir sugestiones positivas en tu mente inconsciente.<\/p>[\/et_pb_blurb][\/et_pb_column][et_pb_column type=&#8221;1_3&#8243; _builder_version=&#8221;3.25&#8243; custom_padding=&#8221;|||&#8221; custom_padding__hover=&#8221;|||&#8221;][et_pb_blurb title=&#8221;Con las sugestiones correctas podemos alterar&#8221; use_icon=&#8221;on&#8221; font_icon=&#8221;%%176%%&#8221; icon_color=&#8221;#ffffff&#8221; use_circle=&#8221;on&#8221; circle_color=&#8221;#ffc47c&#8221; use_circle_border=&#8221;on&#8221; circle_border_color=&#8221;#ffc47c&#8221; use_icon_font_size=&#8221;on&#8221; icon_font_size=&#8221;30px&#8221; image_max_width_tablet=&#8221;60px&#8221; image_max_width_phone=&#8221;&#8221; image_max_width_last_edited=&#8221;on|tablet&#8221; _builder_version=&#8221;4.0.9&#8243; header_font=&#8221;Merriweather|700|||||||&#8221; header_line_height=&#8221;1.8em&#8221; body_line_height=&#8221;2em&#8221; background_color=&#8221;#ffffff&#8221; text_orientation=&#8221;center&#8221; custom_padding=&#8221;30px|30px|30px|30px|true|true&#8221; animation_style=&#8221;zoom&#8221; animation_intensity_zoom=&#8221;10%&#8221; border_radii=&#8221;on|10px|10px|10px|10px&#8221; box_shadow_style=&#8221;preset1&#8243; box_shadow_vertical=&#8221;10px&#8221; box_shadow_blur=&#8221;60px&#8221; box_shadow_color=&#8221;rgba(1,33,92,0.1)&#8221;]<p><em>La forma en que piensas<\/em><br \/> <em> La forma en que sientes<\/em><br \/> <em> La forma en que te comportas<\/em><\/p>\n<p>Y por ello es por lo que la hipnoterapia es una herramienta tan potente para el cambio; porque si puedes cambiar tus pensamientos, tus sentimientos y tus comportamientos, podr\u00e1s mover monta\u00f1as. <strong>Podr\u00e1s superar cualquier obst\u00e1culo<\/strong>. Podr\u00e1s manejar cosas que antes te parec\u00edan imposible.<\/p>[\/et_pb_blurb][\/et_pb_column][\/et_pb_row][et_pb_row _builder_version=&#8221;4.4.2&#8243; width=&#8221;50%&#8221; width_tablet=&#8221;&#8221; width_phone=&#8221;90%&#8221; width_last_edited=&#8221;on|phone&#8221;][et_pb_column type=&#8221;4_4&#8243; _builder_version=&#8221;3.25&#8243; custom_padding=&#8221;|||&#8221; custom_padding__hover=&#8221;|||&#8221;][et_pb_blurb title=&#8221;\u00bfNecesitas m\u00e1s informaci\u00f3n?&#8221; image_max_width=&#8221;80px&#8221; _builder_version=&#8221;4.4.2&#8243; header_font=&#8221;|700||on|||||&#8221; header_font_size=&#8221;22px&#8221; header_line_height=&#8221;1.8em&#8221; body_font=&#8221;||||||||&#8221; body_font_size=&#8221;16px&#8221; body_line_height=&#8221;2em&#8221; background_color=&#8221;#15c39a&#8221; text_orientation=&#8221;center&#8221; background_layout=&#8221;dark&#8221; custom_margin=&#8221;||-30px|&#8221; custom_padding=&#8221;60px|80px|60px|80px|true|true&#8221; custom_padding_tablet=&#8221;&#8221; custom_padding_phone=&#8221;100px|40px|100px|40px|true|true&#8221; custom_padding_last_edited=&#8221;on|desktop&#8221; animation_style=&#8221;zoom&#8221; animation_intensity_zoom=&#8221;10%&#8221; border_radii=&#8221;||200px||200px&#8221; border_radii_image=&#8221;on|100px|100px|100px|100px&#8221; box_shadow_style_image=&#8221;preset1&#8243; box_shadow_vertical_image=&#8221;10px&#8221; box_shadow_blur_image=&#8221;40px&#8221; box_shadow_spread_image=&#8221;-10px&#8221; box_shadow_color_image=&#8221;rgba(91,110,115,0.1)&#8221; locked=&#8221;off&#8221;]<p>Para reservar tu sesi\u00f3n y pedir m\u00e1s informaci\u00f3n sin ning\u00fan tipo de compromiso, puedes dejar tu mensaje en nuestro apartado de CONTACTO.<\/p>\n<p>Adem\u00e1s ahora <strong>ofrecemos nuestras sesiones en formato ONLINE<\/strong><\/p>[\/et_pb_blurb][et_pb_button button_url=&#8221;\/contacto\/&#8221; button_text=&#8221;Contacto&#8221; button_alignment=&#8221;right&#8221; _builder_version=&#8221;4.4.2&#8243; custom_button=&#8221;on&#8221; button_text_size=&#8221;13px&#8221; button_text_color=&#8221;#ffffff&#8221; button_bg_color=&#8221;#253972&#8243; button_border_width=&#8221;0px&#8221; button_border_color=&#8221;rgba(0,0,0,0)&#8221; button_border_radius=&#8221;100px&#8221; button_letter_spacing=&#8221;2px&#8221; button_font=&#8221;|500||on|||||&#8221; button_use_icon=&#8221;off&#8221; custom_padding=&#8221;16px|30px|16px|30px|true|true&#8221; box_shadow_style=&#8221;preset1&#8243; box_shadow_vertical=&#8221;10px&#8221; box_shadow_blur=&#8221;20px&#8221; box_shadow_color=&#8221;rgba(67,122,136,0.3)&#8221; button_letter_spacing_hover=&#8221;2px&#8221; locked=&#8221;off&#8221; button_text_size__hover_enabled=&#8221;off&#8221; button_one_text_size__hover_enabled=&#8221;off&#8221; button_two_text_size__hover_enabled=&#8221;off&#8221; button_text_color__hover_enabled=&#8221;off&#8221; button_one_text_color__hover_enabled=&#8221;off&#8221; button_two_text_color__hover_enabled=&#8221;off&#8221; button_border_width__hover_enabled=&#8221;off&#8221; button_one_border_width__hover_enabled=&#8221;off&#8221; button_two_border_width__hover_enabled=&#8221;off&#8221; button_border_color__hover_enabled=&#8221;off&#8221; button_one_border_color__hover_enabled=&#8221;off&#8221; button_two_border_color__hover_enabled=&#8221;off&#8221; button_border_radius__hover_enabled=&#8221;off&#8221; button_one_border_radius__hover_enabled=&#8221;off&#8221; button_two_border_radius__hover_enabled=&#8221;off&#8221; button_letter_spacing__hover_enabled=&#8221;on&#8221; button_letter_spacing__hover=&#8221;2px&#8221; button_one_letter_spacing__hover_enabled=&#8221;off&#8221; button_two_letter_spacing__hover_enabled=&#8221;off&#8221; button_bg_color__hover_enabled=&#8221;off&#8221; button_one_bg_color__hover_enabled=&#8221;off&#8221; button_two_bg_color__hover_enabled=&#8221;off&#8221;][\/et_pb_button][\/et_pb_column][\/et_pb_row][\/et_pb_section]\n\n","protected":false},"excerpt":{"rendered":"<p>La Hipnoterapia \u00bfQu\u00e9 es la Hipnoterapia? Admit\u00e1moslo, no somos perfectos, nadie lo es, \u00bfno crees? Hay cosas que sabes que deber\u00edas cambiar, peque\u00f1as modificaciones que har\u00edan tu vida m\u00e1s f\u00e1cil, m\u00e1s satisfactoria y m\u00e1s gratificante. Como por ejemplo, deshacerse de un mal h\u00e1bito, o vencer una fobia, o quiz\u00e1s encontrar esa fuerza de voluntad para [&hellip;]<\/p>\n","protected":false},"author":2,"featured_media":50588,"parent":0,"menu_order":0,"comment_status":"closed","ping_status":"closed","template":"","meta":{"_et_pb_use_builder":"on","_et_pb_old_content":"Admit\u00e1moslo, no somos perfectos, nadie lo es, \u00bfno crees?. Hay cosas que sabes que deber\u00edas cambiar, peque\u00f1as modificaciones que har\u00edan tu vida m\u00e1s f\u00e1cil, m\u00e1s satisfactoria y m\u00e1s gratificante.\n\n&nbsp;\n\nComo por ejemplo, deshacerse de un mal h\u00e1bito, o vencer una fobia, o quiz\u00e1s encontrar esa fuerza de voluntad para seguir con tu dieta. Todos tenemos algo que mejorar o cambiar, pero \u00bfc\u00f3mo hacerlo?\n\n&nbsp;\n\n\u00bfC\u00f3mo puedes dejar un h\u00e1bito con el que llevas toda tu vida o encontrar la fuerza de voluntad para resistir a la tentaci\u00f3n? Y m\u00e1s importante, \u00bfC\u00f3mo puedes controlar aquellos impulsos que te atan y no te permiten vivir con la libertad que querr\u00edas?\n\n&nbsp;\n\nSi alguna vez lo has intentado por ti mismo, ya sabes que es algo que no es f\u00e1cil de conseguir. Aunque sea complicado, no es imposible; especialmente si obtienes la ayuda adecuada.\n\n<img class=\"size-medium wp-image-93 aligncenter\" src=\"https:\/\/boycehypnosis.com\/wp-content\/uploads\/2018\/04\/manos-300x217.jpg\" alt=\"\" width=\"300\" height=\"217\" \/>\n\n&nbsp;\n\nTodos estos h\u00e1bitos son tan dif\u00edciles de controlar y cambiar porque son inconscientes.\n\n&nbsp;\n\nLa mejor manera para cambiar esos h\u00e1bitos, esos impulsos o esas sensaciones, ya sean fobias, adicciones como el tabaco o un dolor cr\u00f3nico, es desde el lugar de donde parten, es decir, de la mente inconsciente.\n\n&nbsp;\n\n<em><strong>\u00bfSabias que la mejor forma de comunicarse con la mente inconsciente es a trav\u00e9s de la Hipnosis con Hipnoterapia?<\/strong><\/em>\n\nObserva que esta palabra est\u00e1 compuesta por dos palabras: Hipnosis y Terapia. Es una terapia complementaria que utiliza el poder de la Hipnosis para infundir sugestiones positivas en tu mente inconsciente. Con las sugestiones correctas es posible alterar:\n\n&nbsp;\n<ul>\n \t<li>La forma en que piensas<\/li>\n \t<li>La forma en que sientes<\/li>\n \t<li>La forma en que te comportas<\/li>\n<\/ul>\nY por ello es por lo que la hipnoterapia es una herramienta tan potente para el cambio; porque si puedes cambiar tus pensamientos, tus sentimientos y tus comportamientos, podr\u00e1s mover monta\u00f1as. Podr\u00e1s superar cualquier obst\u00e1culo. Podr\u00e1s manejar cosas que antes te parec\u00edan imposible.","_et_gb_content_width":"","footnotes":""},"class_list":["post-50353","page","type-page","status-publish","has-post-thumbnail","hentry"],"yoast_head":"<!-- This site is optimized with the Yoast SEO plugin v26.2 - https:\/\/yoast.com\/wordpress\/plugins\/seo\/ -->\n<title>\u00bfQu\u00e9 es la hipnoterapia? | Boyce Hypnosis<\/title>\n<meta name=\"description\" content=\"\u00bfC\u00f3mo puedes controlar aquellos impulsos que te atan? Aunque sea complicado, no es imposible; especialmente si obtienes la ayuda adecuada.\" \/>\n<meta name=\"robots\" content=\"index, follow, max-snippet:-1, max-image-preview:large, max-video-preview:-1\" \/>\n<link rel=\"canonical\" href=\"https:\/\/boycehypnosis.com\/en\/que-es-la-hipnoterapia\/\" \/>\n<meta property=\"og:locale\" content=\"en_US\" \/>\n<meta property=\"og:type\" content=\"article\" \/>\n<meta property=\"og:title\" content=\"\u00bfQu\u00e9 es la hipnoterapia? | Boyce Hypnosis\" \/>\n<meta property=\"og:description\" content=\"\u00bfC\u00f3mo puedes controlar aquellos impulsos que te atan? Aunque sea complicado, no es imposible; especialmente si obtienes la ayuda adecuada.\" \/>\n<meta property=\"og:url\" content=\"https:\/\/boycehypnosis.com\/en\/que-es-la-hipnoterapia\/\" \/>\n<meta property=\"og:site_name\" content=\"Boyce Hypnosis\" \/>\n<meta property=\"article:modified_time\" content=\"2020-08-04T09:10:04+00:00\" \/>\n<meta property=\"og:image\" content=\"https:\/\/boycehypnosis.com\/wp-content\/uploads\/2020\/02\/hypnosis-4041582_1920.jpg\" \/>\n<meta name=\"twitter:card\" content=\"summary_large_image\" \/>\n<meta name=\"twitter:title\" content=\"\u00bfQu\u00e9 es la hipnoterapia? | Boyce Hypnosis\" \/>\n<meta name=\"twitter:description\" content=\"\u00bfC\u00f3mo puedes controlar aquellos impulsos que te atan? Aunque sea complicado, no es imposible; especialmente si obtienes la ayuda adecuada.\" \/>\n<meta name=\"twitter:image\" content=\"https:\/\/boycehypnosis.com\/wp-content\/uploads\/2020\/02\/hypnosis-4041582_1920.jpg\" \/>\n<meta name=\"twitter:label1\" content=\"Est. reading time\" \/>\n\t<meta name=\"twitter:data1\" content=\"7 minutes\" \/>\n<script type=\"application\/ld+json\" class=\"yoast-schema-graph\">{\"@context\":\"https:\/\/schema.org\",\"@graph\":[{\"@type\":\"WebPage\",\"@id\":\"https:\/\/boycehypnosis.com\/en\/que-es-la-hipnoterapia\/\",\"url\":\"https:\/\/boycehypnosis.com\/en\/que-es-la-hipnoterapia\/\",\"name\":\"\u00bfQu\u00e9 es la hipnoterapia? | Boyce Hypnosis\",\"isPartOf\":{\"@id\":\"https:\/\/boycehypnosis.com\/#website\"},\"primaryImageOfPage\":{\"@id\":\"https:\/\/boycehypnosis.com\/en\/que-es-la-hipnoterapia\/#primaryimage\"},\"image\":{\"@id\":\"https:\/\/boycehypnosis.com\/en\/que-es-la-hipnoterapia\/#primaryimage\"},\"thumbnailUrl\":\"https:\/\/boycehypnosis.com\/wp-content\/uploads\/2020\/02\/hypnosis-4041582_1920.jpg\",\"datePublished\":\"2018-04-11T09:07:27+00:00\",\"dateModified\":\"2020-08-04T09:10:04+00:00\",\"description\":\"\u00bfC\u00f3mo puedes controlar aquellos impulsos que te atan? Aunque sea complicado, no es imposible; especialmente si obtienes la ayuda adecuada.\",\"breadcrumb\":{\"@id\":\"https:\/\/boycehypnosis.com\/en\/que-es-la-hipnoterapia\/#breadcrumb\"},\"inLanguage\":\"en-US\",\"potentialAction\":[{\"@type\":\"ReadAction\",\"target\":[\"https:\/\/boycehypnosis.com\/en\/que-es-la-hipnoterapia\/\"]}]},{\"@type\":\"ImageObject\",\"inLanguage\":\"en-US\",\"@id\":\"https:\/\/boycehypnosis.com\/en\/que-es-la-hipnoterapia\/#primaryimage\",\"url\":\"https:\/\/boycehypnosis.com\/wp-content\/uploads\/2020\/02\/hypnosis-4041582_1920.jpg\",\"contentUrl\":\"https:\/\/boycehypnosis.com\/wp-content\/uploads\/2020\/02\/hypnosis-4041582_1920.jpg\",\"width\":1920,\"height\":1280},{\"@type\":\"BreadcrumbList\",\"@id\":\"https:\/\/boycehypnosis.com\/en\/que-es-la-hipnoterapia\/#breadcrumb\",\"itemListElement\":[{\"@type\":\"ListItem\",\"position\":1,\"name\":\"Portada\",\"item\":\"https:\/\/boycehypnosis.com\/en\/\"},{\"@type\":\"ListItem\",\"position\":2,\"name\":\"\u00bfQU\u00c9 ES LA HIPNOTERAPIA?\"}]},{\"@type\":\"WebSite\",\"@id\":\"https:\/\/boycehypnosis.com\/#website\",\"url\":\"https:\/\/boycehypnosis.com\/\",\"name\":\"Boyce Hypnosis\",\"description\":\"Hipnoterapia y comunicaci\u00f3n mediante la hipnosis\",\"potentialAction\":[{\"@type\":\"SearchAction\",\"target\":{\"@type\":\"EntryPoint\",\"urlTemplate\":\"https:\/\/boycehypnosis.com\/?s={search_term_string}\"},\"query-input\":{\"@type\":\"PropertyValueSpecification\",\"valueRequired\":true,\"valueName\":\"search_term_string\"}}],\"inLanguage\":\"en-US\"}]}<\/script>\n<!-- \/ Yoast SEO plugin. -->","yoast_head_json":{"title":"\u00bfQu\u00e9 es la hipnoterapia? | Boyce Hypnosis","description":"\u00bfC\u00f3mo puedes controlar aquellos impulsos que te atan? Aunque sea complicado, no es imposible; especialmente si obtienes la ayuda adecuada.","robots":{"index":"index","follow":"follow","max-snippet":"max-snippet:-1","max-image-preview":"max-image-preview:large","max-video-preview":"max-video-preview:-1"},"canonical":"https:\/\/boycehypnosis.com\/en\/que-es-la-hipnoterapia\/","og_locale":"en_US","og_type":"article","og_title":"\u00bfQu\u00e9 es la hipnoterapia? | Boyce Hypnosis","og_description":"\u00bfC\u00f3mo puedes controlar aquellos impulsos que te atan? Aunque sea complicado, no es imposible; especialmente si obtienes la ayuda adecuada.","og_url":"https:\/\/boycehypnosis.com\/en\/que-es-la-hipnoterapia\/","og_site_name":"Boyce Hypnosis","article_modified_time":"2020-08-04T09:10:04+00:00","og_image":[{"url":"https:\/\/boycehypnosis.com\/wp-content\/uploads\/2020\/02\/hypnosis-4041582_1920.jpg","type":"","width":"","height":""}],"twitter_card":"summary_large_image","twitter_title":"\u00bfQu\u00e9 es la hipnoterapia? | Boyce Hypnosis","twitter_description":"\u00bfC\u00f3mo puedes controlar aquellos impulsos que te atan? Aunque sea complicado, no es imposible; especialmente si obtienes la ayuda adecuada.","twitter_image":"https:\/\/boycehypnosis.com\/wp-content\/uploads\/2020\/02\/hypnosis-4041582_1920.jpg","twitter_misc":{"Est. reading time":"7 minutes"},"schema":{"@context":"https:\/\/schema.org","@graph":[{"@type":"WebPage","@id":"https:\/\/boycehypnosis.com\/en\/que-es-la-hipnoterapia\/","url":"https:\/\/boycehypnosis.com\/en\/que-es-la-hipnoterapia\/","name":"\u00bfQu\u00e9 es la hipnoterapia? | Boyce Hypnosis","isPartOf":{"@id":"https:\/\/boycehypnosis.com\/#website"},"primaryImageOfPage":{"@id":"https:\/\/boycehypnosis.com\/en\/que-es-la-hipnoterapia\/#primaryimage"},"image":{"@id":"https:\/\/boycehypnosis.com\/en\/que-es-la-hipnoterapia\/#primaryimage"},"thumbnailUrl":"https:\/\/boycehypnosis.com\/wp-content\/uploads\/2020\/02\/hypnosis-4041582_1920.jpg","datePublished":"2018-04-11T09:07:27+00:00","dateModified":"2020-08-04T09:10:04+00:00","description":"\u00bfC\u00f3mo puedes controlar aquellos impulsos que te atan? Aunque sea complicado, no es imposible; especialmente si obtienes la ayuda adecuada.","breadcrumb":{"@id":"https:\/\/boycehypnosis.com\/en\/que-es-la-hipnoterapia\/#breadcrumb"},"inLanguage":"en-US","potentialAction":[{"@type":"ReadAction","target":["https:\/\/boycehypnosis.com\/en\/que-es-la-hipnoterapia\/"]}]},{"@type":"ImageObject","inLanguage":"en-US","@id":"https:\/\/boycehypnosis.com\/en\/que-es-la-hipnoterapia\/#primaryimage","url":"https:\/\/boycehypnosis.com\/wp-content\/uploads\/2020\/02\/hypnosis-4041582_1920.jpg","contentUrl":"https:\/\/boycehypnosis.com\/wp-content\/uploads\/2020\/02\/hypnosis-4041582_1920.jpg","width":1920,"height":1280},{"@type":"BreadcrumbList","@id":"https:\/\/boycehypnosis.com\/en\/que-es-la-hipnoterapia\/#breadcrumb","itemListElement":[{"@type":"ListItem","position":1,"name":"Portada","item":"https:\/\/boycehypnosis.com\/en\/"},{"@type":"ListItem","position":2,"name":"\u00bfQU\u00c9 ES LA HIPNOTERAPIA?"}]},{"@type":"WebSite","@id":"https:\/\/boycehypnosis.com\/#website","url":"https:\/\/boycehypnosis.com\/","name":"Boyce Hypnosis","description":"Hipnoterapia y comunicaci\u00f3n mediante la hipnosis","potentialAction":[{"@type":"SearchAction","target":{"@type":"EntryPoint","urlTemplate":"https:\/\/boycehypnosis.com\/?s={search_term_string}"},"query-input":{"@type":"PropertyValueSpecification","valueRequired":true,"valueName":"search_term_string"}}],"inLanguage":"en-US"}]}},"_links":{"self":[{"href":"https:\/\/boycehypnosis.com\/en\/wp-json\/wp\/v2\/pages\/50353","targetHints":{"allow":["GET"]}}],"collection":[{"href":"https:\/\/boycehypnosis.com\/en\/wp-json\/wp\/v2\/pages"}],"about":[{"href":"https:\/\/boycehypnosis.com\/en\/wp-json\/wp\/v2\/types\/page"}],"author":[{"embeddable":true,"href":"https:\/\/boycehypnosis.com\/en\/wp-json\/wp\/v2\/users\/2"}],"replies":[{"embeddable":true,"href":"https:\/\/boycehypnosis.com\/en\/wp-json\/wp\/v2\/comments?post=50353"}],"version-history":[{"count":3,"href":"https:\/\/boycehypnosis.com\/en\/wp-json\/wp\/v2\/pages\/50353\/revisions"}],"predecessor-version":[{"id":50553,"href":"https:\/\/boycehypnosis.com\/en\/wp-json\/wp\/v2\/pages\/50353\/revisions\/50553"}],"wp:featuredmedia":[{"embeddable":true,"href":"https:\/\/boycehypnosis.com\/en\/wp-json\/wp\/v2\/media\/50588"}],"wp:attachment":[{"href":"https:\/\/boycehypnosis.com\/en\/wp-json\/wp\/v2\/media?parent=50353"}],"curies":[{"name":"wp","href":"https:\/\/api.w.org\/{rel}","templated":true}]}}