{"id":50341,"date":"2018-04-11T11:10:17","date_gmt":"2018-04-11T09:10:17","guid":{"rendered":"https:\/\/boycehypnosis.com\/para-que-se-utiliza-la-hipnoterapia-con-exito\/"},"modified":"2020-03-30T03:02:38","modified_gmt":"2020-03-30T01:02:38","slug":"para-que-se-utiliza-la-hipnoterapia-con-exito","status":"publish","type":"page","link":"https:\/\/boycehypnosis.com\/en\/para-que-se-utiliza-la-hipnoterapia-con-exito\/","title":{"rendered":"\u00bfPARA QU\u00c9 SE UTILIZA LA HIPNOTERAPIA CON \u00c9XITO?"},"content":{"rendered":"<p>[et_pb_section fb_built=&#8221;1&#8243; disabled_on=&#8221;off|off|off&#8221; admin_label=&#8221;Feature&#8221; _builder_version=&#8221;4.0.9&#8243; background_image=&#8221;http:\/\/boycehypnosis.com\/wp-content\/uploads\/2019\/12\/Logo-Hipnosis.jpg&#8221; background_size=&#8221;initial&#8221; background_position=&#8221;top_right&#8221; background_last_edited=&#8221;on|phone&#8221;][et_pb_row _builder_version=&#8221;4.0.9&#8243; background_enable_image=&#8221;off&#8221; background_size=&#8221;initial&#8221; background_position=&#8221;center_right&#8221; custom_margin=&#8221;42px|auto||auto||&#8221;][et_pb_column type=&#8221;4_4&#8243; _builder_version=&#8221;4.0.9&#8243; custom_padding=&#8221;60px|||&#8221; custom_padding_tablet=&#8221;0px|||&#8221; custom_padding_phone=&#8221;&#8221; custom_padding_last_edited=&#8221;on|tablet&#8221; custom_padding__hover=&#8221;|||&#8221;][et_pb_text _builder_version=&#8221;4.0.9&#8243; text_font=&#8221;||||||||&#8221; text_line_height=&#8221;2em&#8221; header_font=&#8221;||||||||&#8221; header_2_font=&#8221;Merriweather|700|||||||&#8221; header_2_font_size=&#8221;36px&#8221; header_2_line_height=&#8221;1.6em&#8221; header_3_font=&#8221;Merriweather|700|||||||&#8221; header_3_text_color=&#8221;#ffc47c&#8221; header_3_font_size=&#8221;18px&#8221; header_3_line_height=&#8221;1.8em&#8221; header_2_font_size_tablet=&#8221;&#8221; header_2_font_size_phone=&#8221;20px&#8221; header_2_font_size_last_edited=&#8221;on|phone&#8221; header_3_font_size_tablet=&#8221;&#8221; header_3_font_size_phone=&#8221;14px&#8221; header_3_font_size_last_edited=&#8221;on|phone&#8221; locked=&#8221;off&#8221;]<\/p>\n<h2><\/h2>\n<h1><strong>\u00bfPARA QU\u00c9 SE UTILIZA LA HIPNOTERAPIA CON \u00c9XITO?<\/strong><\/h1>\n<p>&nbsp;<\/p>\n<p class=\"vc_custom_heading vc_custom_1539271179178\"><strong>Cuando la hipnosis es usada por un profesional certificado y con experiencia, puede ayudarte con las siguientes cuestiones:<\/strong><\/p>\n<p class=\"vc_custom_heading vc_custom_1539271179178\"><strong><\/strong><\/p>\n<p class=\"vc_custom_heading vc_custom_1539271179178\"><strong><\/strong><\/p>\n<p class=\"vc_custom_heading vc_custom_1539271179178\"><strong><\/strong><\/p>\n<p>[\/et_pb_text][\/et_pb_column][\/et_pb_row][et_pb_row _builder_version=&#8221;4.0.9&#8243;][et_pb_column type=&#8221;4_4&#8243; _builder_version=&#8221;4.0.9&#8243;][et_pb_text _builder_version=&#8221;4.0.9&#8243;]<\/p>\n<h2><strong>USOS DE LA HIPNOTERAPIA:<\/strong><\/h2>\n<p>[\/et_pb_text][\/et_pb_column][\/et_pb_row][et_pb_row column_structure=&#8221;1_3,1_3,1_3&#8243; disabled_on=&#8221;on|off|off&#8221; _builder_version=&#8221;4.0.9&#8243; background_enable_image=&#8221;off&#8221; background_size=&#8221;initial&#8221; background_position=&#8221;top_right&#8221;][et_pb_column type=&#8221;1_3&#8243; _builder_version=&#8221;4.0.9&#8243;][et_pb_text _builder_version=&#8221;4.0.9&#8243;]<\/p>\n<ul>\n<li style=\"text-align: left;\">\n<h4><span style=\"color: #000000;\"><strong>Addiciones<\/strong><\/span><\/h4>\n<\/li>\n<li style=\"text-align: left;\">\n<h4><span style=\"color: #000000;\"><strong>Preparaci\u00f3n al parto<\/strong><\/span><\/h4>\n<\/li>\n<li style=\"text-align: left;\">\n<h4><span style=\"color: #000000;\"><strong>Obsesiones<\/strong><\/span><\/h4>\n<\/li>\n<li style=\"text-align: left;\">\n<h4><span style=\"color: #000000;\"><strong>Compulsiones<\/strong><\/span><\/h4>\n<\/li>\n<li style=\"text-align: left;\">\n<h4><span style=\"color: #000000;\"><strong>Manejo de la ira<\/strong><\/span><\/h4>\n<\/li>\n<li style=\"text-align: left;\">\n<h4><span style=\"color: #000000;\"><strong>Depresi\u00f3n<\/strong><\/span><\/h4>\n<\/li>\n<\/ul>\n<p>[\/et_pb_text][\/et_pb_column][et_pb_column type=&#8221;1_3&#8243; _builder_version=&#8221;4.0.9&#8243;][et_pb_text _builder_version=&#8221;4.0.9&#8243;]<\/p>\n<ul>\n<li style=\"text-align: left;\">\n<h4><span style=\"color: #000000;\"><strong>Aumento de confianza<\/strong><\/span><\/h4>\n<\/li>\n<li style=\"text-align: left;\">\n<h4><span style=\"color: #000000;\"><strong>Ansiedad<\/strong><\/span><\/h4>\n<\/li>\n<li style=\"text-align: left;\">\n<h4><span style=\"color: #000000;\"><strong>Preparaci\u00f3n de ex\u00e1menes (nervios, concentraci\u00f3n)<\/strong><\/span><\/h4>\n<\/li>\n<li style=\"text-align: left;\">\n<h4><span style=\"color: #000000;\"><strong>S\u00edndrome del colon irritable<\/strong><\/span><\/h4>\n<\/li>\n<li style=\"text-align: left;\">\n<h4><span style=\"color: #000000;\"><strong>Miedos y fobias<\/strong><\/span><\/h4>\n<\/li>\n<\/ul>\n<p style=\"text-align: left;\">[\/et_pb_text][\/et_pb_column][et_pb_column type=&#8221;1_3&#8243; _builder_version=&#8221;4.0.9&#8243;][et_pb_text _builder_version=&#8221;4.0.9&#8243;]<\/p>\n<ul>\n<li style=\"text-align: left;\">\n<h4><span style=\"color: #000000;\"><strong>Cuestiones sexuales<\/strong><\/span><\/h4>\n<\/li>\n<li style=\"text-align: left;\">\n<h4><span style=\"color: #000000;\"><strong>Relajaci\u00f3n<\/strong><\/span><\/h4>\n<\/li>\n<li style=\"text-align: left;\">\n<h4><span style=\"color: #000000;\"><strong>Tartamudeo<\/strong><\/span><\/h4>\n<\/li>\n<li style=\"text-align: left;\">\n<h4><span style=\"color: #000000;\"><strong>Problemas de sue\u00f1o<\/strong><\/span><\/h4>\n<\/li>\n<li style=\"text-align: left;\">\n<h4><span style=\"color: #000000;\"><strong>Estr\u00e9s<\/strong><\/span><\/h4>\n<\/li>\n<li style=\"text-align: left;\">\n<h4><span style=\"color: #000000;\"><strong>P\u00e9rdida de peso<\/strong><\/span><\/h4>\n<\/li>\n<\/ul>\n<p>[\/et_pb_text][\/et_pb_column][\/et_pb_row][et_pb_row column_structure=&#8221;1_3,1_3,1_3&#8243; disabled_on=&#8221;off|on|on&#8221; _builder_version=&#8221;4.0.9&#8243; background_enable_image=&#8221;off&#8221; background_position=&#8221;bottom_center&#8221; background_blend=&#8221;overlay&#8221; custom_padding=&#8221;31px|||||&#8221;][et_pb_column type=&#8221;1_3&#8243; _builder_version=&#8221;4.0.9&#8243;][et_pb_text _builder_version=&#8221;4.0.9&#8243;]<\/p>\n<ul>\n<li style=\"text-align: justify;\">\n<h4><span style=\"color: #000000;\"><strong>Addiciones<\/strong><\/span><\/h4>\n<\/li>\n<li style=\"text-align: justify;\">\n<h4><span style=\"color: #000000;\"><strong>Preparaci\u00f3n al parto<\/strong><\/span><\/h4>\n<\/li>\n<li style=\"text-align: justify;\">\n<h4><span style=\"color: #000000;\"><strong>Obsesiones<\/strong><\/span><\/h4>\n<\/li>\n<li style=\"text-align: justify;\">\n<h4><span style=\"color: #000000;\"><strong>Compulsiones<\/strong><\/span><\/h4>\n<\/li>\n<li style=\"text-align: justify;\">\n<h4><span style=\"color: #000000;\"><strong>Manejo de la ira<\/strong><\/span><\/h4>\n<\/li>\n<li style=\"text-align: justify;\">\n<h4><span style=\"color: #000000;\"><strong>Depresi\u00f3n<\/strong><\/span><\/h4>\n<\/li>\n<\/ul>\n<p style=\"text-align: left;\">[\/et_pb_text][\/et_pb_column][et_pb_column type=&#8221;1_3&#8243; _builder_version=&#8221;4.0.9&#8243;][et_pb_text _builder_version=&#8221;4.0.9&#8243;]<\/p>\n<ul>\n<li style=\"text-align: left;\">\n<h4><span style=\"color: #000000;\"><strong>Aumento de confianza<\/strong><\/span><\/h4>\n<\/li>\n<li style=\"text-align: left;\">\n<h4><span style=\"color: #000000;\"><strong>Ansiedad<\/strong><\/span><\/h4>\n<\/li>\n<li style=\"text-align: left;\">\n<h4><span style=\"color: #000000;\"><strong>Preparaci\u00f3n de ex\u00e1menes (nervios, concentraci\u00f3n)<\/strong><\/span><\/h4>\n<\/li>\n<li style=\"text-align: left;\">\n<h4><span style=\"color: #000000;\"><strong>S\u00edndrome del colon irritable<\/strong><\/span><\/h4>\n<\/li>\n<li style=\"text-align: left;\">\n<h4><span style=\"color: #000000;\"><strong>Miedos y fobias<\/strong><\/span><\/h4>\n<\/li>\n<\/ul>\n<p style=\"text-align: left;\">[\/et_pb_text][\/et_pb_column][et_pb_column type=&#8221;1_3&#8243; _builder_version=&#8221;4.0.9&#8243;][et_pb_text _builder_version=&#8221;4.0.9&#8243;]<\/p>\n<ul>\n<li>\n<h4><span style=\"color: #000000;\"><strong>Cuestiones sexuales<\/strong><\/span><\/h4>\n<\/li>\n<li>\n<h4><span style=\"color: #000000;\"><strong>Relajaci\u00f3n<\/strong><\/span><\/h4>\n<\/li>\n<li>\n<h4><span style=\"color: #000000;\"><strong>Tartamudeo<\/strong><\/span><\/h4>\n<\/li>\n<li>\n<h4><span style=\"color: #000000;\"><strong>Problemas de sue\u00f1o<\/strong><\/span><\/h4>\n<\/li>\n<li>\n<h4><span style=\"color: #000000;\"><strong>Estr\u00e9s<\/strong><\/span><\/h4>\n<\/li>\n<li>\n<h4><span style=\"color: #000000;\"><strong>P\u00e9rdida de peso<\/strong><\/span><\/h4>\n<\/li>\n<\/ul>\n<p>[\/et_pb_text][\/et_pb_column][\/et_pb_row][et_pb_row _builder_version=&#8221;3.25&#8243; custom_padding=&#8221;30px||30px||true&#8221; locked=&#8221;off&#8221;][et_pb_column type=&#8221;4_4&#8243; _builder_version=&#8221;3.25&#8243; custom_padding=&#8221;|||&#8221; custom_padding__hover=&#8221;|||&#8221;][et_pb_button button_text=&#8221;PODEMOS AYUDARTE&#8221; button_alignment=&#8221;center&#8221; _builder_version=&#8221;4.0.9&#8243; custom_button=&#8221;on&#8221; button_text_size=&#8221;13px&#8221; button_text_color=&#8221;#ffffff&#8221; button_bg_color=&#8221;#15c39a&#8221; button_border_width=&#8221;0px&#8221; button_border_color=&#8221;rgba(0,0,0,0)&#8221; button_border_radius=&#8221;100px&#8221; button_letter_spacing=&#8221;2px&#8221; button_font=&#8221;Montserrat|500||on|||||&#8221; button_use_icon=&#8221;off&#8221; custom_margin=&#8221;|||&#8221; custom_padding=&#8221;16px|30px|16px|30px|true|true&#8221; hover_enabled=&#8221;0&#8243; box_shadow_style=&#8221;preset1&#8243; box_shadow_vertical=&#8221;10px&#8221; box_shadow_blur=&#8221;20px&#8221; box_shadow_color=&#8221;rgba(21,195,154,0.3)&#8221; button_letter_spacing_hover=&#8221;2px&#8221; locked=&#8221;off&#8221; button_text_size__hover_enabled=&#8221;off&#8221; button_one_text_size__hover_enabled=&#8221;off&#8221; button_two_text_size__hover_enabled=&#8221;off&#8221; button_text_color__hover_enabled=&#8221;off&#8221; button_one_text_color__hover_enabled=&#8221;off&#8221; button_two_text_color__hover_enabled=&#8221;off&#8221; button_border_width__hover_enabled=&#8221;off&#8221; button_one_border_width__hover_enabled=&#8221;off&#8221; button_two_border_width__hover_enabled=&#8221;off&#8221; button_border_color__hover_enabled=&#8221;off&#8221; button_one_border_color__hover_enabled=&#8221;off&#8221; button_two_border_color__hover_enabled=&#8221;off&#8221; button_border_radius__hover_enabled=&#8221;off&#8221; button_one_border_radius__hover_enabled=&#8221;off&#8221; button_two_border_radius__hover_enabled=&#8221;off&#8221; button_letter_spacing__hover_enabled=&#8221;on&#8221; button_letter_spacing__hover=&#8221;2px&#8221; button_one_letter_spacing__hover_enabled=&#8221;off&#8221; button_two_letter_spacing__hover_enabled=&#8221;off&#8221; button_bg_color__hover_enabled=&#8221;off&#8221; button_one_bg_color__hover_enabled=&#8221;off&#8221; button_two_bg_color__hover_enabled=&#8221;off&#8221;][\/et_pb_button][\/et_pb_column][\/et_pb_row][\/et_pb_section]<\/p>\n","protected":false},"excerpt":{"rendered":"<p>\u00bfPARA QU\u00c9 SE UTILIZA LA HIPNOTERAPIA CON \u00c9XITO? &nbsp; Cuando la hipnosis es usada por un profesional certificado y con experiencia, puede ayudarte con las siguientes cuestiones: USOS DE LA HIPNOTERAPIA: Addiciones Preparaci\u00f3n al parto Obsesiones Compulsiones Manejo de la ira Depresi\u00f3n Aumento de confianza Ansiedad Preparaci\u00f3n de ex\u00e1menes (nervios, concentraci\u00f3n) S\u00edndrome del colon irritable [&hellip;]<\/p>\n","protected":false},"author":2,"featured_media":0,"parent":0,"menu_order":0,"comment_status":"closed","ping_status":"closed","template":"","meta":{"_et_pb_use_builder":"on","_et_pb_old_content":"[vc_row][vc_column][vc_single_image image=\"977\" img_size=\"full\" alignment=\"center\"][\/vc_column][\/vc_row][vc_row][vc_column][vc_custom_heading text=\"Cuando la hipnosis es usada por un profesional certificado y con experiencia, puede ayudarte con las siguientes cuestiones:\" font_container=\"tag:h2|font_size:25px|text_align:center|color:%23000000\" google_fonts=\"font_family:Handlee%3Aregular|font_style:400%20regular%3A400%3Anormal\" css=\".vc_custom_1539271179178{margin-bottom: 15px !important;}\"][vc_text_separator title=\"USOS DE LA HIPNOTERAPIA\" color=\"custom\" accent_color=\"#03b3cb\"][vc_empty_space][\/vc_column][\/vc_row][vc_row][vc_column width=\"1\/3\"][vc_raw_html]JTNDbWFpbiUyMGNsYXNzJTNEJTIyY29udGFpbmVyMiUyMiUzRSUwQSUyMCUyMCUyMCUyMCUzQ3NlY3Rpb24lMjBjbGFzcyUzRCUyMmF3ZXNvbWUtbGlzdCUyMiUzRSUwQSUyMCUyMCUyMCUyMCUyMCUyMCUyMCUyMCUzQ2RpdiUyMGNsYXNzJTNEJTIyYXdlc29tZS1saXN0LWl0ZW0lMjIlM0UlM0NzcGFuJTNFQWRkaWNpb25lcyUzQyUyRnNwYW4lM0UlM0MlMkZkaXYlM0UlMEElMjAlMjAlMjAlMjAlMjAlMjAlMjAlMjAlM0NkaXYlMjBjbGFzcyUzRCUyMmF3ZXNvbWUtbGlzdC1pdGVtJTIyJTNFJTNDc3BhbiUzRVByZXBhcmFjaSVDMyVCM24lMjBhbCUyMHBhcnRvJTNDJTJGc3BhbiUzRSUzQyUyRmRpdiUzRSUwQSUyMCUyMCUyMCUyMCUyMCUyMCUyMCUyMCUzQ2RpdiUyMGNsYXNzJTNEJTIyYXdlc29tZS1saXN0LWl0ZW0lMjIlM0UlM0NzcGFuJTNFT2JzZXNpb25lcyUzQyUyRnNwYW4lM0UlM0MlMkZkaXYlM0UlMEElMjAlMjAlMjAlMjAlMjAlMjAlMjAlMjAlM0NkaXYlMjBjbGFzcyUzRCUyMmF3ZXNvbWUtbGlzdC1pdGVtJTIyJTNFJTNDc3BhbiUzRUNvbXB1bHNpb25lcyUzQyUyRnNwYW4lM0UlM0MlMkZkaXYlM0UlMEElM0NkaXYlMjBjbGFzcyUzRCUyMmF3ZXNvbWUtbGlzdC1pdGVtJTIyJTNFJTNDc3BhbiUzRU1hbmVqbyUyMGRlJTIwbGElMjBpcmElM0MlMkZzcGFuJTNFJTNDJTJGZGl2JTNFJTBBJTIwJTIwJTIwJTIwJTIwJTIwJTIwJTIwJTNDZGl2JTIwY2xhc3MlM0QlMjJhd2Vzb21lLWxpc3QtaXRlbSUyMiUzRSUzQ3NwYW4lM0VEZXByZXNpJUMzJUIzbiUzQyUyRnNwYW4lM0UlM0MlMkZkaXYlM0UlMEElMjAlMjAlMjAlMjAlMjAlMjAlMjAlMjAlM0NkaXYlMjBjbGFzcyUzRCUyMmF3ZXNvbWUtbGlzdC1pdGVtJTIyJTNFJTNDc3BhbiUzRURlcyVDMyVCM3JkZW5lcyUyMGFsaW1lbnRpY2lvcyUzQyUyRnNwYW4lM0UlM0MlMkZkaXYlM0UlMEElMjAlMjAlMjAlMjAlM0MlMkZzZWN0aW9uJTNFJTBBJTNDJTJGbWFpbiUzRSUwQSUwQQ==[\/vc_raw_html][\/vc_column][vc_column width=\"1\/3\"][vc_raw_html]JTNDbWFpbiUyMGNsYXNzJTNEJTIyY29udGFpbmVyMiUyMiUzRSUwQSUyMCUyMCUyMCUyMCUzQ3NlY3Rpb24lMjBjbGFzcyUzRCUyMmF3ZXNvbWUtbGlzdCUyMiUzRSUwQSUyMCUyMCUyMCUyMCUyMCUyMCUyMCUyMCUzQ2RpdiUyMGNsYXNzJTNEJTIyYXdlc29tZS1saXN0LWl0ZW0lMjIlM0UlM0NzcGFuJTNFQXVtZW50byUyMGRlJTIwYXV0b2VzdGltYSUzQyUyRnNwYW4lM0UlM0MlMkZkaXYlM0UlMEElM0NkaXYlMjBjbGFzcyUzRCUyMmF3ZXNvbWUtbGlzdC1pdGVtJTIyJTNFJTNDc3BhbiUzRUF1bWVudG8lMjBkZSUyMGNvbmZpYW56YSUzQyUyRnNwYW4lM0UlM0MlMkZkaXYlM0UlMEElMjAlMjAlMjAlMjAlMjAlMjAlMjAlMjAlM0NkaXYlMjBjbGFzcyUzRCUyMmF3ZXNvbWUtbGlzdC1pdGVtJTIyJTNFJTNDc3BhbiUzRUFuc2llZGFkJTNDJTJGc3BhbiUzRSUzQyUyRmRpdiUzRSUwQSUyMCUyMCUyMCUyMCUyMCUyMCUyMCUyMCUzQ2RpdiUyMGNsYXNzJTNEJTIyYXdlc29tZS1saXN0LWl0ZW0lMjIlM0UlM0NzcGFuJTNFUHJlcGFyYWNpJUMzJUIzbiUyMGRlJTIwZXglQzMlQTFtZW5lcyUyMCUyOG5lcnZpb3MlMkMlMjBjb25jZW50cmFjaSVDMyVCM24lMjklM0MlMkZzcGFuJTNFJTNDJTJGZGl2JTNFJTBBJTIwJTIwJTIwJTIwJTIwJTIwJTIwJTIwJTNDZGl2JTIwY2xhc3MlM0QlMjJhd2Vzb21lLWxpc3QtaXRlbSUyMiUzRSUzQ3NwYW4lM0VTJUMzJUFEbmRyb21lJTIwZGVsJTIwY29sb24lMjBpcnJpdGFibGUlM0MlMkZzcGFuJTNFJTNDJTJGZGl2JTNFJTBBJTNDZGl2JTIwY2xhc3MlM0QlMjJhd2Vzb21lLWxpc3QtaXRlbSUyMiUzRSUzQ3NwYW4lM0VNaWVkb3MlMjB5JTIwZm9iaWFzJTNDJTJGc3BhbiUzRSUzQyUyRmRpdiUzRSUwQSUyMCUyMCUyMCUyMCUyMCUyMCUyMCUyMCUzQ2RpdiUyMGNsYXNzJTNEJTIyYXdlc29tZS1saXN0LWl0ZW0lMjIlM0UlM0NzcGFuJTNFTWFuZWpvJTIwZGVsJTIwZG9sb3IlM0MlMkZzcGFuJTNFJTNDJTJGZGl2JTNFJTBBJTIwJTIwJTIwJTIwJTNDJTJGc2VjdGlvbiUzRSUwQSUzQyUyRm1haW4lM0UlMEE=[\/vc_raw_html][\/vc_column][vc_column width=\"1\/3\"][vc_raw_html]JTNDbWFpbiUyMGNsYXNzJTNEJTIyY29udGFpbmVyMiUyMiUzRSUwQSUyMCUyMCUyMCUyMCUzQ3NlY3Rpb24lMjBjbGFzcyUzRCUyMmF3ZXNvbWUtbGlzdCUyMiUzRSUwQSUyMCUyMCUyMCUyMCUyMCUyMCUyMCUyMCUzQ2RpdiUyMGNsYXNzJTNEJTIyYXdlc29tZS1saXN0LWl0ZW0lMjIlM0UlM0NzcGFuJTNFQ3Vlc3Rpb25lcyUyMHNleHVhbGVzJTNDJTJGc3BhbiUzRSUzQyUyRmRpdiUzRSUwQSUyMCUyMCUyMCUyMCUyMCUyMCUyMCUyMCUzQ2RpdiUyMGNsYXNzJTNEJTIyYXdlc29tZS1saXN0LWl0ZW0lMjIlM0UlM0NzcGFuJTNFUmVsYWphY2klQzMlQjNuJTNDJTJGc3BhbiUzRSUzQyUyRmRpdiUzRSUwQSUzQ2RpdiUyMGNsYXNzJTNEJTIyYXdlc29tZS1saXN0LWl0ZW0lMjIlM0UlM0NzcGFuJTNFVGFydGFtdWRlbyUzQyUyRnNwYW4lM0UlM0MlMkZkaXYlM0UlMEElMjAlMjAlMjAlMjAlMjAlMjAlMjAlMjAlM0NkaXYlMjBjbGFzcyUzRCUyMmF3ZXNvbWUtbGlzdC1pdGVtJTIyJTNFJTNDc3BhbiUzRVByb2JsZW1hcyUyMGRlJTIwc3VlJUMzJUIxbyUzQyUyRnNwYW4lM0UlM0MlMkZkaXYlM0UlMEElMjAlMjAlMjAlMjAlMjAlMjAlMjAlMjAlM0NkaXYlMjBjbGFzcyUzRCUyMmF3ZXNvbWUtbGlzdC1pdGVtJTIyJTNFJTNDc3BhbiUzRUVzdHIlQzMlQTlzJTNDJTJGc3BhbiUzRSUzQyUyRmRpdiUzRSUwQSUyMCUyMCUyMCUyMCUyMCUyMCUyMCUyMCUzQ2RpdiUyMGNsYXNzJTNEJTIyYXdlc29tZS1saXN0LWl0ZW0lMjIlM0UlM0NzcGFuJTNFUCVDMyVBOXJkaWRhJTIwZGUlMjBwZXNvJTNDJTJGc3BhbiUzRSUzQyUyRmRpdiUzRSUwQSUzQ2RpdiUyMGNsYXNzJTNEJTIyYXdlc29tZS1saXN0LWl0ZW0lMjIlM0UlM0NzcGFuJTNFWSUyMG11Y2hhcyUyMG90cmFzJTIwYXBsaWNhY2lvbmVzJUUyJTgwJUE2JTNDJTJGc3BhbiUzRSUzQyUyRmRpdiUzRSUwQSUyMCUyMCUyMCUyMCUzQyUyRnNlY3Rpb24lM0UlMEElM0MlMkZtYWluJTNFJTBB[\/vc_raw_html][\/vc_column][\/vc_row]","_et_gb_content_width":"","footnotes":""},"class_list":["post-50341","page","type-page","status-publish","hentry"],"yoast_head":"<!-- This site is optimized with the Yoast SEO plugin v26.2 - https:\/\/yoast.com\/wordpress\/plugins\/seo\/ -->\n<title>\u00bfPARA QU\u00c9 SE UTILIZA LA HIPNOTERAPIA CON \u00c9XITO? - Boyce Hypnosis<\/title>\n<meta name=\"robots\" content=\"index, follow, max-snippet:-1, max-image-preview:large, max-video-preview:-1\" \/>\n<link rel=\"canonical\" href=\"https:\/\/boycehypnosis.com\/en\/para-que-se-utiliza-la-hipnoterapia-con-exito\/\" \/>\n<meta property=\"og:locale\" content=\"en_US\" \/>\n<meta property=\"og:type\" content=\"article\" \/>\n<meta property=\"og:title\" content=\"\u00bfPARA QU\u00c9 SE UTILIZA LA HIPNOTERAPIA CON \u00c9XITO? - Boyce Hypnosis\" \/>\n<meta property=\"og:description\" content=\"\u00bfPARA QU\u00c9 SE UTILIZA LA HIPNOTERAPIA CON \u00c9XITO? &nbsp; Cuando la hipnosis es usada por un profesional certificado y con experiencia, puede ayudarte con las siguientes cuestiones: USOS DE LA HIPNOTERAPIA: Addiciones Preparaci\u00f3n al parto Obsesiones Compulsiones Manejo de la ira Depresi\u00f3n Aumento de confianza Ansiedad Preparaci\u00f3n de ex\u00e1menes (nervios, concentraci\u00f3n) S\u00edndrome del colon irritable [&hellip;]\" \/>\n<meta property=\"og:url\" content=\"https:\/\/boycehypnosis.com\/en\/para-que-se-utiliza-la-hipnoterapia-con-exito\/\" \/>\n<meta property=\"og:site_name\" content=\"Boyce Hypnosis\" \/>\n<meta property=\"article:modified_time\" content=\"2020-03-30T01:02:38+00:00\" \/>\n<meta name=\"twitter:card\" content=\"summary_large_image\" \/>\n<meta name=\"twitter:label1\" content=\"Est. reading time\" \/>\n\t<meta name=\"twitter:data1\" content=\"4 minutes\" \/>\n<script type=\"application\/ld+json\" class=\"yoast-schema-graph\">{\"@context\":\"https:\/\/schema.org\",\"@graph\":[{\"@type\":\"WebPage\",\"@id\":\"https:\/\/boycehypnosis.com\/en\/para-que-se-utiliza-la-hipnoterapia-con-exito\/\",\"url\":\"https:\/\/boycehypnosis.com\/en\/para-que-se-utiliza-la-hipnoterapia-con-exito\/\",\"name\":\"\u00bfPARA QU\u00c9 SE UTILIZA LA HIPNOTERAPIA CON \u00c9XITO? - Boyce Hypnosis\",\"isPartOf\":{\"@id\":\"https:\/\/boycehypnosis.com\/#website\"},\"datePublished\":\"2018-04-11T09:10:17+00:00\",\"dateModified\":\"2020-03-30T01:02:38+00:00\",\"breadcrumb\":{\"@id\":\"https:\/\/boycehypnosis.com\/en\/para-que-se-utiliza-la-hipnoterapia-con-exito\/#breadcrumb\"},\"inLanguage\":\"en-US\",\"potentialAction\":[{\"@type\":\"ReadAction\",\"target\":[\"https:\/\/boycehypnosis.com\/en\/para-que-se-utiliza-la-hipnoterapia-con-exito\/\"]}]},{\"@type\":\"BreadcrumbList\",\"@id\":\"https:\/\/boycehypnosis.com\/en\/para-que-se-utiliza-la-hipnoterapia-con-exito\/#breadcrumb\",\"itemListElement\":[{\"@type\":\"ListItem\",\"position\":1,\"name\":\"Portada\",\"item\":\"https:\/\/boycehypnosis.com\/en\/\"},{\"@type\":\"ListItem\",\"position\":2,\"name\":\"\u00bfPARA QU\u00c9 SE UTILIZA LA HIPNOTERAPIA CON \u00c9XITO?\"}]},{\"@type\":\"WebSite\",\"@id\":\"https:\/\/boycehypnosis.com\/#website\",\"url\":\"https:\/\/boycehypnosis.com\/\",\"name\":\"Boyce Hypnosis\",\"description\":\"Hipnoterapia y comunicaci\u00f3n mediante la hipnosis\",\"potentialAction\":[{\"@type\":\"SearchAction\",\"target\":{\"@type\":\"EntryPoint\",\"urlTemplate\":\"https:\/\/boycehypnosis.com\/?s={search_term_string}\"},\"query-input\":{\"@type\":\"PropertyValueSpecification\",\"valueRequired\":true,\"valueName\":\"search_term_string\"}}],\"inLanguage\":\"en-US\"}]}<\/script>\n<!-- \/ Yoast SEO plugin. -->","yoast_head_json":{"title":"\u00bfPARA QU\u00c9 SE UTILIZA LA HIPNOTERAPIA CON \u00c9XITO? - Boyce Hypnosis","robots":{"index":"index","follow":"follow","max-snippet":"max-snippet:-1","max-image-preview":"max-image-preview:large","max-video-preview":"max-video-preview:-1"},"canonical":"https:\/\/boycehypnosis.com\/en\/para-que-se-utiliza-la-hipnoterapia-con-exito\/","og_locale":"en_US","og_type":"article","og_title":"\u00bfPARA QU\u00c9 SE UTILIZA LA HIPNOTERAPIA CON \u00c9XITO? - Boyce Hypnosis","og_description":"\u00bfPARA QU\u00c9 SE UTILIZA LA HIPNOTERAPIA CON \u00c9XITO? &nbsp; Cuando la hipnosis es usada por un profesional certificado y con experiencia, puede ayudarte con las siguientes cuestiones: USOS DE LA HIPNOTERAPIA: Addiciones Preparaci\u00f3n al parto Obsesiones Compulsiones Manejo de la ira Depresi\u00f3n Aumento de confianza Ansiedad Preparaci\u00f3n de ex\u00e1menes (nervios, concentraci\u00f3n) S\u00edndrome del colon irritable [&hellip;]","og_url":"https:\/\/boycehypnosis.com\/en\/para-que-se-utiliza-la-hipnoterapia-con-exito\/","og_site_name":"Boyce Hypnosis","article_modified_time":"2020-03-30T01:02:38+00:00","twitter_card":"summary_large_image","twitter_misc":{"Est. reading time":"4 minutes"},"schema":{"@context":"https:\/\/schema.org","@graph":[{"@type":"WebPage","@id":"https:\/\/boycehypnosis.com\/en\/para-que-se-utiliza-la-hipnoterapia-con-exito\/","url":"https:\/\/boycehypnosis.com\/en\/para-que-se-utiliza-la-hipnoterapia-con-exito\/","name":"\u00bfPARA QU\u00c9 SE UTILIZA LA HIPNOTERAPIA CON \u00c9XITO? - Boyce Hypnosis","isPartOf":{"@id":"https:\/\/boycehypnosis.com\/#website"},"datePublished":"2018-04-11T09:10:17+00:00","dateModified":"2020-03-30T01:02:38+00:00","breadcrumb":{"@id":"https:\/\/boycehypnosis.com\/en\/para-que-se-utiliza-la-hipnoterapia-con-exito\/#breadcrumb"},"inLanguage":"en-US","potentialAction":[{"@type":"ReadAction","target":["https:\/\/boycehypnosis.com\/en\/para-que-se-utiliza-la-hipnoterapia-con-exito\/"]}]},{"@type":"BreadcrumbList","@id":"https:\/\/boycehypnosis.com\/en\/para-que-se-utiliza-la-hipnoterapia-con-exito\/#breadcrumb","itemListElement":[{"@type":"ListItem","position":1,"name":"Portada","item":"https:\/\/boycehypnosis.com\/en\/"},{"@type":"ListItem","position":2,"name":"\u00bfPARA QU\u00c9 SE UTILIZA LA HIPNOTERAPIA CON \u00c9XITO?"}]},{"@type":"WebSite","@id":"https:\/\/boycehypnosis.com\/#website","url":"https:\/\/boycehypnosis.com\/","name":"Boyce Hypnosis","description":"Hipnoterapia y comunicaci\u00f3n mediante la hipnosis","potentialAction":[{"@type":"SearchAction","target":{"@type":"EntryPoint","urlTemplate":"https:\/\/boycehypnosis.com\/?s={search_term_string}"},"query-input":{"@type":"PropertyValueSpecification","valueRequired":true,"valueName":"search_term_string"}}],"inLanguage":"en-US"}]}},"_links":{"self":[{"href":"https:\/\/boycehypnosis.com\/en\/wp-json\/wp\/v2\/pages\/50341","targetHints":{"allow":["GET"]}}],"collection":[{"href":"https:\/\/boycehypnosis.com\/en\/wp-json\/wp\/v2\/pages"}],"about":[{"href":"https:\/\/boycehypnosis.com\/en\/wp-json\/wp\/v2\/types\/page"}],"author":[{"embeddable":true,"href":"https:\/\/boycehypnosis.com\/en\/wp-json\/wp\/v2\/users\/2"}],"replies":[{"embeddable":true,"href":"https:\/\/boycehypnosis.com\/en\/wp-json\/wp\/v2\/comments?post=50341"}],"version-history":[{"count":1,"href":"https:\/\/boycehypnosis.com\/en\/wp-json\/wp\/v2\/pages\/50341\/revisions"}],"predecessor-version":[{"id":50352,"href":"https:\/\/boycehypnosis.com\/en\/wp-json\/wp\/v2\/pages\/50341\/revisions\/50352"}],"wp:attachment":[{"href":"https:\/\/boycehypnosis.com\/en\/wp-json\/wp\/v2\/media?parent=50341"}],"curies":[{"name":"wp","href":"https:\/\/api.w.org\/{rel}","templated":true}]}}