{"id":50326,"date":"2018-05-26T15:15:59","date_gmt":"2018-05-26T15:15:59","guid":{"rendered":"https:\/\/boycehypnosis.com\/politica-de-privacidad\/"},"modified":"2018-05-26T15:15:59","modified_gmt":"2018-05-26T15:15:59","slug":"politica-de-privacidad","status":"publish","type":"page","link":"https:\/\/boycehypnosis.com\/en\/politica-de-privacidad\/","title":{"rendered":"Pol\u00edtica de privacidad"},"content":{"rendered":"<p>Con este documento, queremos informarte de cu\u00e1les son los motivos por los que recogemos tus datos personales, qu\u00e9 hacemos con ellos, cu\u00e1les son tus derechos y de qu\u00e9 forma puedes ejercerlos. Si de verdad te interesa el destino de tus datos, te recomendamos que pierdas un par de minutos en leerlo.<\/p>\n<h4><span id=\"responsable\">\u00bfQui\u00e9n es el responsable de tus datos?<\/span><\/h4>\n<p><strong>Nombre:<\/strong> Julio Juanes Rubert (Boycehypnosis)\u00a0 EN ADELANTE; BOYCEHYPNOSIS<br \/>\n<strong>Direcci\u00f3n:<\/strong> C\/Guzm\u00e1n el Bueno 113 Madrid CP:28003<br \/>\n<strong>CIF :<\/strong> 46859395T<br \/>\n<strong>Tel\u00e9fono de Contacto:<\/strong>(+34) 609145715<br \/>\n<strong>E-mail de Contacto: info@boycehypnosis.com<\/strong><\/p>\n<h4><strong>\u00bfQU\u00c9 SON LOS DATOS PERSONALES?<\/strong><\/h4>\n<p>Una peque\u00f1a aproximaci\u00f3n es importante, por ello, debes saber que ser\u00eda cualquier informaci\u00f3n relativa a una persona que nos facilita cuando visita nuestro sitio web, en nuestro caso pediremos su nombre , email, domicilio completo, nombre, apellidos y DNI o CIF, en el caso de los menores, tambi\u00e9n solicitaremos los datos de los padres.<\/p>\n<p>Adicionalmente, cuando visitas nuestro sitio web, determinada informaci\u00f3n se almacena autom\u00e1ticamente por motivos t\u00e9cnicos como la direcci\u00f3n IP asignada por su proveedor de acceso a Internet.<\/p>\n<h4><strong>\u00a0FINALIDAD, LEGITIMACION Y CONSENTIMIENTO AL TRATAMIENTO.<\/strong><\/h4>\n<p>Tal y como se recoge en la normativa, se informa al USUARIO que, a trav\u00e9s de los formularios de contacto, o suscripciones se recaban datos, los cuales se almacenan en un fichero, con la exclusiva finalidad de registro en los cursos ofrecidos por BOYCEHYPNOSIS, tanto presenciales como online,\u00a0 env\u00edo de comunicaciones electr\u00f3nicas, tales como: boletine , ofertas comerciales, as\u00ed como otras comunicaciones que BOYCEHYPNOSIS entiende interesantes para sus USUARIOS. Los campos marcados como de cumplimentaci\u00f3n obligatoria, son imprescindibles para realizar la finalidad expresada.<\/p>\n<p>\u00danicamente el titular tendr\u00e1 acceso a sus datos, y bajo ning\u00fan concepto, estos datos ser\u00e1n cedidos, compartidos, transferidos, ni vendidos a ning\u00fan tercero.<\/p>\n<p>La aceptaci\u00f3n de la pol\u00edtica de privacidad, mediante el procedimiento establecido de doble opt-in, se entender\u00e1 a todos los efectos como la prestaci\u00f3n de CONSENTIMIENTO EXPRESO E INEQUIVOCO del USUARIO al tratamiento de los datos de car\u00e1cter personal en los t\u00e9rminos que se exponen en el presente documento, as\u00ed como a la transferencia internacional de datos que se produce, exclusivamente debido a la ubicaci\u00f3n f\u00edsica de las instalaciones de los proveedores de servicios y encargados del tratamiento de datos.<\/p>\n<p>Por lo tanto, la legitimaci\u00f3n se obtiene a trav\u00e9s del consentimiento tal y como posteriormente estableceremos.<\/p>\n<p>En ning\u00fan caso se realizar\u00e1 un uso diferente que la finalidad para los que han sido recabados los datos ni muchos menos ceder\u00e9 a un tercero estos datos.<\/p>\n<h4><span id=\"derechos\">\u00bfCu\u00e1les son tus derechos cuando nos facilitas tus datos personales?<\/span><\/h4>\n<p>El hecho de que nos hayas cedido tus datos y nos hayas dado el consentimiento para tratarlos, no te esclaviza a nosotros. Existen una serie de derechos que puedes ejercer en cualquier momento, los cuales son:<\/p>\n<ul>\n<li>Derechos a solicitar el acceso a tus datos de car\u00e1cter personal.<\/li>\n<li>Derecho a solicitar la rectificaci\u00f3n o supresi\u00f3n.<\/li>\n<li>Derecho a solicitar la limitaci\u00f3n del tratamiento.<\/li>\n<li>Derecho a oponerse al tratamiento.<\/li>\n<\/ul>\n<p>Para ejercer tus derechos, puedes rellenar formulario que encontrar\u00e1s en el apartado <strong>CONTACTO\u00a0<\/strong><\/p>\n<h4><strong>MENORES DE EDAD<\/strong><\/h4>\n<p>En el supuesto de ser mayor de trece a\u00f1os, podr\u00e1s registrarte en https:\/\/www.boycehypnosis.com sin necesidad del consentimiento previo de tus padres o tutores.<\/p>\n<p>\u00bfQu\u00e9 ocurre en el caso de que seas menor de 13 a\u00f1os?<\/p>\n<p>En este supuesto, ser\u00e1 condici\u00f3n obligatoria el consentimiento de tus padres o tutores para que podamos tratar sus datos personales<\/p>\n<p>Advertencia: Si tienes menos de trece a\u00f1os y no has obtenido el consentimiento de tus padres, no puedes registrarte en la web por lo que procederemos a denegar su solicitud en caso de tener constancia de ello.<\/p>\n<h4><strong>MODIFICACI\u00d3N DE LA POL\u00cdTICA DE PRIVACIDAD<\/strong><\/h4>\n<p>BOYCEHYPNOSIS se reserva el derecho a modificar su Pol\u00edtica de Privacidad, de acuerdo a su propio criterio, motivado por un cambio legislativo, jurisprudencial o doctrinal de la Agencia Espa\u00f1ola de Protecci\u00f3n de Datos.<\/p>\n<p>Cualquier modificaci\u00f3n de la Pol\u00edtica de Privacidad ser\u00e1 publicada al menos diez d\u00edas antes de su efectiva aplicaci\u00f3n. El uso de BOYCEHYPNOSIS \u00a0despu\u00e9s de dichos cambios, implicar\u00e1 la aceptaci\u00f3n de los mismos.<\/p>\n<h4><strong>\u00a0SERVICIOS OFRECIDOS POR TERCEROS EN ESTA WEB.<\/strong><\/h4>\n<p>Para prestar servicios estrictamente necesarios para el desarrollo de su actividad, https:\/\/www.boycehypnosis.com utiliza los siguientes prestadores bajo sus correspondientes condiciones de privacidad.<\/p>\n<ul>\n<li>\u00a0Hosting: Axarnet Comunicaciones S.L.<\/li>\n<li>Mantenimiento y desarrollo web: Buhoware (Issam Natour Mu\u00f1oz)<\/li>\n<li>Plataforma web: WordPress.Org<\/li>\n<li>Servicios de Mensajer\u00eda y env\u00edo de boletines:\u00a0 Propio<\/li>\n<li>Plataformas de plantillas para WordPress: WPLMS<\/li>\n<li>Captaci\u00f3n de Leads: Thrive Leads<\/li>\n<li>Pasarela de pago: Paypal<\/li>\n<li>\u00a0Gesti\u00f3n de comentarios: WordPress<\/li>\n<li>Privacidad de fuentes de rastreo utilizadas en este sitio: Google (Analytics) y TawkTo<\/li>\n<\/ul>\n<h4><strong>ANEXO MEDIDAS DE SEGURIDAD<\/strong><\/h4>\n<h5><strong>INFORMACI\u00d3N DE INTER\u00c9S GENERAL<\/strong><\/h5>\n<p>A continuaci\u00f3n te informamos de las medidas de seguridad ofrecidas por BOYCEHYPNOSIS<\/p>\n<h5><strong>MEDIDAS ORGANIZATIVAS<\/strong><\/h5>\n<p>INFORMACI\u00d3N QUE DEBER\u00c1 SER CONOCIDA POR TODO EL PERSONAL CON ACCESO A DATOS PERSONALES<\/p>\n<p>Todo el personal con acceso a los datos personales tiene conocimiento de sus obligaciones con relaci\u00f3n a los tratamientos de datos personales y ser\u00e1n informados acerca de dichas obligaciones.<\/p>\n<ul>\n<li>DERECHOS DE LOS TITULARES DE LOS DATOS<\/li>\n<\/ul>\n<p>Se informar\u00e1 a todos los trabajadores acerca del procedimiento para atender los derechos de los interesados, definiendo de forma clara los mecanismos por los que pueden ejercerse los derechos (medios electr\u00f3nicos, referencia al Delegado de Protecci\u00f3n de Datos si lo hubiera, direcci\u00f3n postal, etc.) teniendo en cuenta lo siguiente:<\/p>\n<ul>\n<li>Previa presentaci\u00f3n de su documento nacional de identidad o pasaporte, los titulares de los datos personales (interesados) podr\u00e1n ejercer sus derechos de acceso, rectificaci\u00f3n, supresi\u00f3n, oposici\u00f3n y portabilidad. El responsable del tratamiento deber\u00e1 dar respuesta a los interesados sin dilaci\u00f3n indebida.<\/li>\n<\/ul>\n<p>Para el <strong>derecho de acceso <\/strong>se facilitar\u00e1 a los interesados la lista de los datos personales de que disponga junto con la finalidad para la que han sido recogidos, la identidad de los destinatarios de los datos, los plazos de conservaci\u00f3n, y la identidad del responsable ante el que pueden solicitar la rectificaci\u00f3n supresi\u00f3n y oposici\u00f3n al tratamiento de los datos.<\/p>\n<p>Para el <strong>derecho de rectificaci\u00f3n<\/strong> se proceder\u00e1 a modificar los datos de los interesados que fueran inexactos o incompletos atendiendo a los fines del tratamiento.<\/p>\n<p>Para el <strong>derecho de supresi\u00f3n<\/strong> se suprimir\u00e1n los datos de los interesados cuando los interesados manifiesten su negativa u oposici\u00f3n al consentimiento para el tratamiento de sus datos y no exista deber legal que lo impida.<\/p>\n<p>Para el <strong>derecho de portabilidad<\/strong> los interesados deber\u00e1n comunicar su decisi\u00f3n e informar al responsable, en su caso, sobre la identidad del nuevo responsable al que facilitar sus datos personales.<\/p>\n<p>El responsable del tratamiento\u00a0 informar\u00e1 a todas las personas con acceso a los datos personales acerca de los t\u00e9rminos de cumplimiento para atender los derechos de los interesados, la forma y el procedimiento en que se atender\u00e1n dichos derechos.<\/p>\n<ul>\n<li>VIOLACIONES DE SEGURIDAD DE DATOS DE CAR\u00c1CTER PERSONAL\n<ul>\n<li>Cuando se produzcan violaciones de seguridad DE DATOS DE CAR\u00c1CTER PERSONAL, como por ejemplo, el robo o acceso indebido a los datos personales se notificar\u00e1 a la Agencia Espa\u00f1ola de Protecci\u00f3n de Datos en t\u00e9rmino de 72 horas acerca de dichas violaciones de seguridad, incluyendo toda la informaci\u00f3n necesaria para el esclarecimiento de los hechos que hubieran dado lugar al acceso indebido a los datos personales. La notificaci\u00f3n se realizar\u00e1 por medios electr\u00f3nicos a trav\u00e9s de la sede electr\u00f3nica de la Agencia Espa\u00f1ola de Protecci\u00f3n de Datos en la direcci\u00f3n: <a href=\"https:\/\/sedeagpd.gob.es\">https:\/\/sedeagpd.gob.es<\/a><\/li>\n<\/ul>\n<\/li>\n<\/ul>\n<h5><strong>MEDIDAS T\u00c9CNICAS<\/strong><\/h5>\n<p><u>DEBER DE SALVAGUARDA <\/u><\/p>\n<p>A continuaci\u00f3n se exponen algunas de las medidas t\u00e9cnicas para garantizar la salvaguarda de los datos personales:<\/p>\n<ul>\n<li><strong>ACTUALIZACI\u00d3N DEL SISTEMA<\/strong>: Los dispositivos y ordenadores utilizados para el almacenamiento y el tratamiento de los datos personales ser\u00e1n actualizados en la medida de lo posible.<\/li>\n<li><strong>ANTIVIRUS<\/strong>: En los ordenadores y dispositivos donde se realice el tratamiento automatizado de los datos personales dispone de un sistema de antivirus que garantice en la medida posible el robo y destrucci\u00f3n de la informaci\u00f3n y datos personales. El sistema de antivirus deber\u00e1 ser actualizado de forma peri\u00f3dica.<\/li>\n<li><strong>\u00a0FIREWALL<\/strong>: Para evitar accesos remotos indebidos a los datos personales se velar\u00e1 para garantizar la existencia de un firewall activado en los dispositivos en los que se realice el almacenamiento y\/o tratamiento de datos personales.<\/li>\n<li><strong>CIFRADO DE DATOS<\/strong>: Cuando se precise realizar la extracci\u00f3n de datos personales fuera del recinto donde se realiza su tratamiento, ya sea por medios f\u00edsicos o por medios electr\u00f3nicos, se\u00a0 garantiza el uso de cifrado para\u00a0 la confidencialidad de los datos personales en caso de acceso indebido a la informaci\u00f3n.<\/li>\n<li><strong>COPIA DE SEGURIDAD<\/strong>: Peri\u00f3dicamente se realizar\u00e1 una copia de seguridad en un segundo soporte distinto del que se utiliza para el trabajo diario. La copia se almacenar\u00e1 en lugar seguro, distinto de aqu\u00e9l en que est\u00e9 ubicado el ordenador con los ficheros originales, con el fin de permitir la recuperaci\u00f3n de los datos personales en caso de p\u00e9rdida de la informaci\u00f3n.<\/li>\n<\/ul>\n<p>Las medidas de seguridad ser\u00e1n revisadas de forma peri\u00f3dica, la revisi\u00f3n podr\u00e1 realizarse por mecanismos autom\u00e1ticos (software o programas inform\u00e1ticos) o de forma manual. Considere que cualquier incidente de seguridad inform\u00e1tica que le haya ocurrido a cualquier conocido le puede ocurrir a usted, y prev\u00e9ngase contra el mismo.<\/p>\n<p>Tambi\u00e9n te informamos, que si has dado tu consentimiento para alguna finalidad espec\u00edfica, tienes derecho a retirarlo en cualquier momento, sin que ello afecte a la licitud del tratamiento basado en el consentimiento previo a su retirada.<\/p>\n<p>Asimismo, te informamos de que puedes presentar una reclamaci\u00f3n ante la\u00a0<a href=\"http:\/\/www.agpd.es\/\" target=\"_blank\" rel=\"noopener noreferrer\">Agencia Espa\u00f1ola de Protecci\u00f3n de Datos<\/a>, especialmente cuando no hayas obtenido satisfacci\u00f3n en el ejercicio de tus derechos.<\/p>\n<p>La Pol\u00edtica de Privacidad fue actualizada por \u00faltima vez el 24 de mayo del 2018.<\/p>\n","protected":false},"excerpt":{"rendered":"<p>Con este documento, queremos informarte de cu\u00e1les son los motivos por los que recogemos tus datos personales, qu\u00e9 hacemos con ellos, cu\u00e1les son tus derechos y de qu\u00e9 forma puedes ejercerlos. Si de verdad te interesa el destino de tus datos, te recomendamos que pierdas un par de minutos en leerlo. \u00bfQui\u00e9n es el responsable [&hellip;]<\/p>\n","protected":false},"author":2,"featured_media":0,"parent":0,"menu_order":0,"comment_status":"closed","ping_status":"closed","template":"","meta":{"_et_pb_use_builder":"","_et_pb_old_content":"","_et_gb_content_width":"","footnotes":""},"class_list":["post-50326","page","type-page","status-publish","hentry"],"yoast_head":"<!-- This site is optimized with the Yoast SEO plugin v26.2 - https:\/\/yoast.com\/wordpress\/plugins\/seo\/ -->\n<title>Pol\u00edtica de privacidad - Boyce Hypnosis<\/title>\n<meta name=\"robots\" content=\"index, follow, max-snippet:-1, max-image-preview:large, max-video-preview:-1\" \/>\n<link rel=\"canonical\" href=\"https:\/\/boycehypnosis.com\/en\/politica-de-privacidad\/\" \/>\n<meta property=\"og:locale\" content=\"en_US\" \/>\n<meta property=\"og:type\" content=\"article\" \/>\n<meta property=\"og:title\" content=\"Pol\u00edtica de privacidad - Boyce Hypnosis\" \/>\n<meta property=\"og:description\" content=\"Con este documento, queremos informarte de cu\u00e1les son los motivos por los que recogemos tus datos personales, qu\u00e9 hacemos con ellos, cu\u00e1les son tus derechos y de qu\u00e9 forma puedes ejercerlos. Si de verdad te interesa el destino de tus datos, te recomendamos que pierdas un par de minutos en leerlo. \u00bfQui\u00e9n es el responsable [&hellip;]\" \/>\n<meta property=\"og:url\" content=\"https:\/\/boycehypnosis.com\/en\/politica-de-privacidad\/\" \/>\n<meta property=\"og:site_name\" content=\"Boyce Hypnosis\" \/>\n<meta name=\"twitter:card\" content=\"summary_large_image\" \/>\n<meta name=\"twitter:label1\" content=\"Est. reading time\" \/>\n\t<meta name=\"twitter:data1\" content=\"9 minutes\" \/>\n<script type=\"application\/ld+json\" class=\"yoast-schema-graph\">{\"@context\":\"https:\/\/schema.org\",\"@graph\":[{\"@type\":\"WebPage\",\"@id\":\"https:\/\/boycehypnosis.com\/en\/politica-de-privacidad\/\",\"url\":\"https:\/\/boycehypnosis.com\/en\/politica-de-privacidad\/\",\"name\":\"Pol\u00edtica de privacidad - Boyce Hypnosis\",\"isPartOf\":{\"@id\":\"https:\/\/boycehypnosis.com\/#website\"},\"datePublished\":\"2018-05-26T15:15:59+00:00\",\"breadcrumb\":{\"@id\":\"https:\/\/boycehypnosis.com\/en\/politica-de-privacidad\/#breadcrumb\"},\"inLanguage\":\"en-US\",\"potentialAction\":[{\"@type\":\"ReadAction\",\"target\":[\"https:\/\/boycehypnosis.com\/en\/politica-de-privacidad\/\"]}]},{\"@type\":\"BreadcrumbList\",\"@id\":\"https:\/\/boycehypnosis.com\/en\/politica-de-privacidad\/#breadcrumb\",\"itemListElement\":[{\"@type\":\"ListItem\",\"position\":1,\"name\":\"Portada\",\"item\":\"https:\/\/boycehypnosis.com\/en\/\"},{\"@type\":\"ListItem\",\"position\":2,\"name\":\"Pol\u00edtica de privacidad\"}]},{\"@type\":\"WebSite\",\"@id\":\"https:\/\/boycehypnosis.com\/#website\",\"url\":\"https:\/\/boycehypnosis.com\/\",\"name\":\"Boyce Hypnosis\",\"description\":\"Hipnoterapia y comunicaci\u00f3n mediante la hipnosis\",\"potentialAction\":[{\"@type\":\"SearchAction\",\"target\":{\"@type\":\"EntryPoint\",\"urlTemplate\":\"https:\/\/boycehypnosis.com\/?s={search_term_string}\"},\"query-input\":{\"@type\":\"PropertyValueSpecification\",\"valueRequired\":true,\"valueName\":\"search_term_string\"}}],\"inLanguage\":\"en-US\"}]}<\/script>\n<!-- \/ Yoast SEO plugin. -->","yoast_head_json":{"title":"Pol\u00edtica de privacidad - Boyce Hypnosis","robots":{"index":"index","follow":"follow","max-snippet":"max-snippet:-1","max-image-preview":"max-image-preview:large","max-video-preview":"max-video-preview:-1"},"canonical":"https:\/\/boycehypnosis.com\/en\/politica-de-privacidad\/","og_locale":"en_US","og_type":"article","og_title":"Pol\u00edtica de privacidad - Boyce Hypnosis","og_description":"Con este documento, queremos informarte de cu\u00e1les son los motivos por los que recogemos tus datos personales, qu\u00e9 hacemos con ellos, cu\u00e1les son tus derechos y de qu\u00e9 forma puedes ejercerlos. Si de verdad te interesa el destino de tus datos, te recomendamos que pierdas un par de minutos en leerlo. \u00bfQui\u00e9n es el responsable [&hellip;]","og_url":"https:\/\/boycehypnosis.com\/en\/politica-de-privacidad\/","og_site_name":"Boyce Hypnosis","twitter_card":"summary_large_image","twitter_misc":{"Est. reading time":"9 minutes"},"schema":{"@context":"https:\/\/schema.org","@graph":[{"@type":"WebPage","@id":"https:\/\/boycehypnosis.com\/en\/politica-de-privacidad\/","url":"https:\/\/boycehypnosis.com\/en\/politica-de-privacidad\/","name":"Pol\u00edtica de privacidad - Boyce Hypnosis","isPartOf":{"@id":"https:\/\/boycehypnosis.com\/#website"},"datePublished":"2018-05-26T15:15:59+00:00","breadcrumb":{"@id":"https:\/\/boycehypnosis.com\/en\/politica-de-privacidad\/#breadcrumb"},"inLanguage":"en-US","potentialAction":[{"@type":"ReadAction","target":["https:\/\/boycehypnosis.com\/en\/politica-de-privacidad\/"]}]},{"@type":"BreadcrumbList","@id":"https:\/\/boycehypnosis.com\/en\/politica-de-privacidad\/#breadcrumb","itemListElement":[{"@type":"ListItem","position":1,"name":"Portada","item":"https:\/\/boycehypnosis.com\/en\/"},{"@type":"ListItem","position":2,"name":"Pol\u00edtica de privacidad"}]},{"@type":"WebSite","@id":"https:\/\/boycehypnosis.com\/#website","url":"https:\/\/boycehypnosis.com\/","name":"Boyce Hypnosis","description":"Hipnoterapia y comunicaci\u00f3n mediante la hipnosis","potentialAction":[{"@type":"SearchAction","target":{"@type":"EntryPoint","urlTemplate":"https:\/\/boycehypnosis.com\/?s={search_term_string}"},"query-input":{"@type":"PropertyValueSpecification","valueRequired":true,"valueName":"search_term_string"}}],"inLanguage":"en-US"}]}},"_links":{"self":[{"href":"https:\/\/boycehypnosis.com\/en\/wp-json\/wp\/v2\/pages\/50326","targetHints":{"allow":["GET"]}}],"collection":[{"href":"https:\/\/boycehypnosis.com\/en\/wp-json\/wp\/v2\/pages"}],"about":[{"href":"https:\/\/boycehypnosis.com\/en\/wp-json\/wp\/v2\/types\/page"}],"author":[{"embeddable":true,"href":"https:\/\/boycehypnosis.com\/en\/wp-json\/wp\/v2\/users\/2"}],"replies":[{"embeddable":true,"href":"https:\/\/boycehypnosis.com\/en\/wp-json\/wp\/v2\/comments?post=50326"}],"version-history":[{"count":0,"href":"https:\/\/boycehypnosis.com\/en\/wp-json\/wp\/v2\/pages\/50326\/revisions"}],"wp:attachment":[{"href":"https:\/\/boycehypnosis.com\/en\/wp-json\/wp\/v2\/media?parent=50326"}],"curies":[{"name":"wp","href":"https:\/\/api.w.org\/{rel}","templated":true}]}}