{"id":50325,"date":"2018-06-02T07:49:32","date_gmt":"2018-06-02T07:49:32","guid":{"rendered":"https:\/\/boycehypnosis.com\/politica-de-cookies\/"},"modified":"2018-06-02T07:49:32","modified_gmt":"2018-06-02T07:49:32","slug":"politica-de-cookies","status":"publish","type":"page","link":"https:\/\/boycehypnosis.com\/en\/politica-de-cookies\/","title":{"rendered":"politica de cookies"},"content":{"rendered":"<p><strong>NUESTRA POL\u00cdTICA DE COOKIES\u00a0\u00a0\u00a0\u00a0\u00a0\u00a0\u00a0\u00a0\u00a0<\/strong><strong>\u00a0<\/strong><\/p>\n<p>La LSSI-CE, \u00a0obliga a todos los que tenemos un blog o una web\u00a0a\u00a0<strong>advertir\u00a0al usuario de la existencia de cookies, informar sobre ellas y requerirle permiso para descargarlas.<\/strong><\/p>\n<p><em>Art\u00edculo 22.2 de la Ley 34\/2002. \u201cLos prestadores de servicios podr\u00e1n utilizar dispositivos de almacenamiento y recuperaci\u00f3n de datos en equipos terminales de los destinatarios, a condici\u00f3n de que los mismos\u00a0<\/em><strong>hayan dado su consentimiento despu\u00e9s de que se les haya facilitado informaci\u00f3n clara y completa sobre su utilizaci\u00f3n<\/strong><em>, en particular, sobre los fines del tratamiento de los datos, con arreglo a lo dispuesto en la Ley Org\u00e1nica 15\/1999, de 13 de diciembre, de Protecci\u00f3n de Datos de Car\u00e1cter Personal\u201d.\u00a0<\/em><\/p>\n<p>&nbsp;<\/p>\n<p><strong>Previo.- \u00bfQu\u00e9 son las Cookies?<\/strong><\/p>\n<p>Las cookies constituyen una herramienta empleada por los servidores Web para almacenar y recuperar informaci\u00f3n acerca de sus visitantes. No es m\u00e1s que un fichero de texto que algunos servidores piden a nuestro navegador que escriba en nuestro disco duro, con informaci\u00f3n acerca de lo que hemos estado haciendo por sus p\u00e1ginas. Poseen una fecha de caducidad, que puede oscilar desde el tiempo que dure la sesi\u00f3n hasta una fecha futura especificada, a partir de la cual dejan de ser operativa.<\/p>\n<h3>Cookies utilizadas en este sitio web:<\/h3>\n<p>Siguiendo las directrices de la Agencia Espa\u00f1ola de Protecci\u00f3n de Datos procedemos a detallar el uso de cookies que hace esta web con el fin de informarle con la m\u00e1xima exactitud posible.<\/p>\n<p>Este sitio web utiliza las siguientes\u00a0<b>cookies propias<\/b>:<\/p>\n<ul>\n<li>De Sesi\u00f3n: Para evitar que tengas que identificarte cada vez que interact\u00faes con el sitio web.<\/li>\n<\/ul>\n<p>Este sitio web utiliza las siguientes\u00a0<b>cookies de terceros<\/b>:<\/p>\n<ul>\n<li>Google Analytics: Se almacenan cookies para poder elaborar estad\u00edsticas sobre el tr\u00e1fico y volumen de visitas de esta web. Al utilizar este sitio web est\u00e1s consintiendo el tratamiento de tu informaci\u00f3n por Google. Por tanto, el ejercicio de cualquier derecho en este sentido deber\u00e1s hacerlo comunic\u00e1ndote directamente con Google.<\/li>\n<li>Redes Sociales: Cada Red Social utiliza sus propias cookies para que puedas pinchar en botones del tipo \u201cMe gusta\u201d o \u201cCompartir\u201d.<\/li>\n<\/ul>\n<p>Las cookies utilizadas en esta web no recogen datos de car\u00e1cter personal.<\/p>\n<h3>Desactivaci\u00f3n o eliminaci\u00f3n de cookies<\/h3>\n<p>En cualquier momento podr\u00e1s ejercer tu derecho de desactivaci\u00f3n o eliminaci\u00f3n de cookies de este sitio web. De esta manera evitar\u00e1s que las cookies se almacenen en tu navegador. Estas acciones se realizan de forma diferente en funci\u00f3n del navegador que est\u00e9s utilizando:<\/p>\n<ul>\n<li><a href=\"http:\/\/support.mozilla.org\/es\/kb\/habilitar-y-deshabilitar-cookies-que-los-sitios-we\">Mozilla Firefox<\/a><\/li>\n<li><a href=\"http:\/\/support.google.com\/chrome\/bin\/answer.py?hl=es&amp;answer=95647\">Google Chrome<\/a><\/li>\n<li><a href=\"http:\/\/windows.microsoft.com\/es-es\/windows7\/how-to-manage-cookies-in-internet-explorer-9\">Internet Explorer<\/a><\/li>\n<li><a href=\"http:\/\/support.apple.com\/kb\/ph5042\">Safari<\/a><\/li>\n<li><a href=\"http:\/\/help.opera.com\/Windows\/11.50\/es-ES\/cookies.html\">Opera<\/a><\/li>\n<\/ul>\n<h3>Notas adicionales<\/h3>\n<ul>\n<li>Ni esta web ni sus representantes legales se hacen responsables ni del contenido ni de la veracidad de las pol\u00edticas de privacidad que puedan tener los terceros mencionados en esta p\u00e1gina.<\/li>\n<li>Los navegadores web son las herramientas encargadas de almacenar las cookies y desde este lugar debes efectuar tu derecho a eliminaci\u00f3n o desactivaci\u00f3n de las mismas. Ni esta web ni sus representantes legales pueden garantizar la correcta o incorrecta manipulaci\u00f3n de las cookies por parte de los mencionados navegadores.<\/li>\n<li>En algunos casos es necesario instalar cookies para que el navegador no olvide tu decisi\u00f3n de no aceptaci\u00f3n de las mismas.<\/li>\n<li>En el caso de las cookies de Google Analytics, esta empresa almacena las cookies en servidores ubicados en Estados Unidos y se compromete a no compartirla con terceros, excepto en los casos en los que sea necesario para el funcionamiento del sistema o cuando la ley obligue a tal efecto. Seg\u00fan Google no guarda tu direcci\u00f3n IP. Google Inc. es una compa\u00f1\u00eda adherida al Acuerdo de Puerto Seguro que garantiza que todos los datos transferidos ser\u00e1n tratados con un nivel de protecci\u00f3n acorde a la normativa europea. Puedes consultar informaci\u00f3n detallada a este respecto\u00a0<a href=\"http:\/\/safeharbor.export.gov\/companyinfo.aspx?id=16626\" target=\"_blank\" rel=\"noopener noreferrer\">en este enlace<\/a>. Si deseas informaci\u00f3n sobre el uso que Google da a las cookies\u00a0<a href=\"https:\/\/developers.google.com\/analytics\/devguides\/collection\/analyticsjs\/cookie-usage?hl=es&amp;csw=1\" target=\"_blank\" rel=\"noopener noreferrer\">te adjuntamos este otro enlace<\/a>.<\/li>\n<\/ul>\n<p>La Pol\u00edtica de Cookies fue actualizada por \u00faltima vez el 24 de mayo del 2018.<\/p>\n","protected":false},"excerpt":{"rendered":"<p>NUESTRA POL\u00cdTICA DE COOKIES\u00a0\u00a0\u00a0\u00a0\u00a0\u00a0\u00a0\u00a0\u00a0\u00a0 La LSSI-CE, \u00a0obliga a todos los que tenemos un blog o una web\u00a0a\u00a0advertir\u00a0al usuario de la existencia de cookies, informar sobre ellas y requerirle permiso para descargarlas. Art\u00edculo 22.2 de la Ley 34\/2002. \u201cLos prestadores de servicios podr\u00e1n utilizar dispositivos de almacenamiento y recuperaci\u00f3n de datos en equipos terminales de los [&hellip;]<\/p>\n","protected":false},"author":2,"featured_media":0,"parent":0,"menu_order":0,"comment_status":"closed","ping_status":"closed","template":"","meta":{"_et_pb_use_builder":"","_et_pb_old_content":"","_et_gb_content_width":"","footnotes":""},"class_list":["post-50325","page","type-page","status-publish","hentry"],"yoast_head":"<!-- This site is optimized with the Yoast SEO plugin v26.2 - https:\/\/yoast.com\/wordpress\/plugins\/seo\/ -->\n<title>politica de cookies - Boyce Hypnosis<\/title>\n<meta name=\"robots\" content=\"index, follow, max-snippet:-1, max-image-preview:large, max-video-preview:-1\" \/>\n<link rel=\"canonical\" href=\"https:\/\/boycehypnosis.com\/en\/politica-de-cookies\/\" \/>\n<meta property=\"og:locale\" content=\"en_US\" \/>\n<meta property=\"og:type\" content=\"article\" \/>\n<meta property=\"og:title\" content=\"politica de cookies - Boyce Hypnosis\" \/>\n<meta property=\"og:description\" content=\"NUESTRA POL\u00cdTICA DE COOKIES\u00a0\u00a0\u00a0\u00a0\u00a0\u00a0\u00a0\u00a0\u00a0\u00a0 La LSSI-CE, \u00a0obliga a todos los que tenemos un blog o una web\u00a0a\u00a0advertir\u00a0al usuario de la existencia de cookies, informar sobre ellas y requerirle permiso para descargarlas. Art\u00edculo 22.2 de la Ley 34\/2002. \u201cLos prestadores de servicios podr\u00e1n utilizar dispositivos de almacenamiento y recuperaci\u00f3n de datos en equipos terminales de los [&hellip;]\" \/>\n<meta property=\"og:url\" content=\"https:\/\/boycehypnosis.com\/en\/politica-de-cookies\/\" \/>\n<meta property=\"og:site_name\" content=\"Boyce Hypnosis\" \/>\n<meta name=\"twitter:card\" content=\"summary_large_image\" \/>\n<meta name=\"twitter:label1\" content=\"Est. reading time\" \/>\n\t<meta name=\"twitter:data1\" content=\"3 minutes\" \/>\n<script type=\"application\/ld+json\" class=\"yoast-schema-graph\">{\"@context\":\"https:\/\/schema.org\",\"@graph\":[{\"@type\":\"WebPage\",\"@id\":\"https:\/\/boycehypnosis.com\/en\/politica-de-cookies\/\",\"url\":\"https:\/\/boycehypnosis.com\/en\/politica-de-cookies\/\",\"name\":\"politica de cookies - Boyce Hypnosis\",\"isPartOf\":{\"@id\":\"https:\/\/boycehypnosis.com\/#website\"},\"datePublished\":\"2018-06-02T07:49:32+00:00\",\"breadcrumb\":{\"@id\":\"https:\/\/boycehypnosis.com\/en\/politica-de-cookies\/#breadcrumb\"},\"inLanguage\":\"en-US\",\"potentialAction\":[{\"@type\":\"ReadAction\",\"target\":[\"https:\/\/boycehypnosis.com\/en\/politica-de-cookies\/\"]}]},{\"@type\":\"BreadcrumbList\",\"@id\":\"https:\/\/boycehypnosis.com\/en\/politica-de-cookies\/#breadcrumb\",\"itemListElement\":[{\"@type\":\"ListItem\",\"position\":1,\"name\":\"Portada\",\"item\":\"https:\/\/boycehypnosis.com\/en\/\"},{\"@type\":\"ListItem\",\"position\":2,\"name\":\"politica de cookies\"}]},{\"@type\":\"WebSite\",\"@id\":\"https:\/\/boycehypnosis.com\/#website\",\"url\":\"https:\/\/boycehypnosis.com\/\",\"name\":\"Boyce Hypnosis\",\"description\":\"Hipnoterapia y comunicaci\u00f3n mediante la hipnosis\",\"potentialAction\":[{\"@type\":\"SearchAction\",\"target\":{\"@type\":\"EntryPoint\",\"urlTemplate\":\"https:\/\/boycehypnosis.com\/?s={search_term_string}\"},\"query-input\":{\"@type\":\"PropertyValueSpecification\",\"valueRequired\":true,\"valueName\":\"search_term_string\"}}],\"inLanguage\":\"en-US\"}]}<\/script>\n<!-- \/ Yoast SEO plugin. -->","yoast_head_json":{"title":"politica de cookies - Boyce Hypnosis","robots":{"index":"index","follow":"follow","max-snippet":"max-snippet:-1","max-image-preview":"max-image-preview:large","max-video-preview":"max-video-preview:-1"},"canonical":"https:\/\/boycehypnosis.com\/en\/politica-de-cookies\/","og_locale":"en_US","og_type":"article","og_title":"politica de cookies - Boyce Hypnosis","og_description":"NUESTRA POL\u00cdTICA DE COOKIES\u00a0\u00a0\u00a0\u00a0\u00a0\u00a0\u00a0\u00a0\u00a0\u00a0 La LSSI-CE, \u00a0obliga a todos los que tenemos un blog o una web\u00a0a\u00a0advertir\u00a0al usuario de la existencia de cookies, informar sobre ellas y requerirle permiso para descargarlas. Art\u00edculo 22.2 de la Ley 34\/2002. \u201cLos prestadores de servicios podr\u00e1n utilizar dispositivos de almacenamiento y recuperaci\u00f3n de datos en equipos terminales de los [&hellip;]","og_url":"https:\/\/boycehypnosis.com\/en\/politica-de-cookies\/","og_site_name":"Boyce Hypnosis","twitter_card":"summary_large_image","twitter_misc":{"Est. reading time":"3 minutes"},"schema":{"@context":"https:\/\/schema.org","@graph":[{"@type":"WebPage","@id":"https:\/\/boycehypnosis.com\/en\/politica-de-cookies\/","url":"https:\/\/boycehypnosis.com\/en\/politica-de-cookies\/","name":"politica de cookies - Boyce Hypnosis","isPartOf":{"@id":"https:\/\/boycehypnosis.com\/#website"},"datePublished":"2018-06-02T07:49:32+00:00","breadcrumb":{"@id":"https:\/\/boycehypnosis.com\/en\/politica-de-cookies\/#breadcrumb"},"inLanguage":"en-US","potentialAction":[{"@type":"ReadAction","target":["https:\/\/boycehypnosis.com\/en\/politica-de-cookies\/"]}]},{"@type":"BreadcrumbList","@id":"https:\/\/boycehypnosis.com\/en\/politica-de-cookies\/#breadcrumb","itemListElement":[{"@type":"ListItem","position":1,"name":"Portada","item":"https:\/\/boycehypnosis.com\/en\/"},{"@type":"ListItem","position":2,"name":"politica de cookies"}]},{"@type":"WebSite","@id":"https:\/\/boycehypnosis.com\/#website","url":"https:\/\/boycehypnosis.com\/","name":"Boyce Hypnosis","description":"Hipnoterapia y comunicaci\u00f3n mediante la hipnosis","potentialAction":[{"@type":"SearchAction","target":{"@type":"EntryPoint","urlTemplate":"https:\/\/boycehypnosis.com\/?s={search_term_string}"},"query-input":{"@type":"PropertyValueSpecification","valueRequired":true,"valueName":"search_term_string"}}],"inLanguage":"en-US"}]}},"_links":{"self":[{"href":"https:\/\/boycehypnosis.com\/en\/wp-json\/wp\/v2\/pages\/50325","targetHints":{"allow":["GET"]}}],"collection":[{"href":"https:\/\/boycehypnosis.com\/en\/wp-json\/wp\/v2\/pages"}],"about":[{"href":"https:\/\/boycehypnosis.com\/en\/wp-json\/wp\/v2\/types\/page"}],"author":[{"embeddable":true,"href":"https:\/\/boycehypnosis.com\/en\/wp-json\/wp\/v2\/users\/2"}],"replies":[{"embeddable":true,"href":"https:\/\/boycehypnosis.com\/en\/wp-json\/wp\/v2\/comments?post=50325"}],"version-history":[{"count":0,"href":"https:\/\/boycehypnosis.com\/en\/wp-json\/wp\/v2\/pages\/50325\/revisions"}],"wp:attachment":[{"href":"https:\/\/boycehypnosis.com\/en\/wp-json\/wp\/v2\/media?parent=50325"}],"curies":[{"name":"wp","href":"https:\/\/api.w.org\/{rel}","templated":true}]}}